{"id":6261,"date":"2023-09-14T14:43:34","date_gmt":"2023-09-14T12:43:34","guid":{"rendered":"https:\/\/www.stikio.eu\/produkty\/uncategorized\/priehladna-cira-folia\/"},"modified":"2024-08-07T15:29:12","modified_gmt":"2024-08-07T13:29:12","slug":"transparent-clear-vinyl","status":"publish","type":"product","link":"https:\/\/www.stikio.eu\/en\/produkty\/material-en\/transparent-clear-vinyl\/","title":{"rendered":"Transparent\/clear vinyl"},"content":{"rendered":"<p>\u0160pecifik\u00e1cie produktov prieh\u013eadn\u00e1\/\u010d\u00edra f\u00f3lia s vlastnou kvalitnou potla\u010dou:<\/p>\n<h4><strong>Prieh\u013eadn\u00e1 3-ro\u010dn\u00e1 leskl\u00e1 f\u00f3lia<br \/>\n<\/strong><\/h4>\n<p>Prieh\u013eadn\u00e1 f\u00f3lia je ide\u00e1lnym rie\u0161en\u00edm pre v\u0161etky typy polepov rovn\u00fdch povrchov. M\u00f4\u017eete ju pou\u017ei\u0165 nielen pre interi\u00e9ry, ale aj pre exteri\u00e9ry, na kr\u00e1tkodob\u00e9 aj dlhodob\u00e9 \u00fa\u010dely. T\u00e1to f\u00f3lia umo\u017e\u0148uje transparentn\u00e9 polepy s potla\u010dou, ktor\u00e9 zaujm\u00fa ka\u017ed\u00e9ho v bl\u00edzkosti. V\u010faka transparentnosti m\u00f4\u017eete vytv\u00e1ra\u0165 zauj\u00edmav\u00e9 il\u00fazie nevidite\u013en\u00fdch, pl\u00e1vaj\u00facich obr\u00e1zkov alebo textov.<\/p>\n<p>Prieh\u013eadn\u00fa f\u00f3liu s potla\u010dou je ide\u00e1lna pre sklenen\u00e9 plochy, kde chcete, aby bola va\u0161a reklama vidite\u013en\u00e1 aj z vn\u00fatornej strany. Grafika na tejto f\u00f3lii sa sklad\u00e1 z farieb, ktor\u00e9 s\u00fa transparentn\u00e9 a pri pou\u017eit\u00ed na transparentnej samolepke bud\u00fa biele \u010dasti grafiky tie\u017e prieh\u013eadn\u00e9.<\/p>\n<p>T\u00fato f\u00f3lia vyu\u017eijete vo viacer\u00fdch situ\u00e1ci\u00e1ch, ako napr\u00edklad pri ozna\u010dovan\u00ed v\u00fdlohy obchodu alebo kancel\u00e1rie, vytv\u00e1ran\u00ed origin\u00e1lnych dekor\u00e1ci\u00ed alebo pri propag\u00e1cii produktov. Jej vyu\u017eitie sa v\u0161ak neobmedzuje len na reklamn\u00e9 \u00fa\u010dely.<\/p>\n<ul>\n<li><strong>hr\u00fabka:<\/strong> 70\u00b5<\/li>\n<li><strong>aplik\u00e1cia \/ pou\u017eitie:<\/strong>\u00a0interi\u00e9r \u2013 exteri\u00e9r<\/li>\n<li><strong>typ lepidla:<\/strong> \u010d\u00edre, tlakom aktivovan\u00e9, permanentn\u00e9<\/li>\n<li><strong>\u017eivotnos\u0165:<\/strong> do 3 rokov<\/li>\n<li><strong>teplotn\u00e1 odolnos\u0165:<\/strong> -40\u00b0C &#8211; 80\u00b0C<\/li>\n<li><strong>pou\u017eitie:<\/strong> rovn\u00e9 povrchy, na sklen\u00e9 povrchy, kancel\u00e1rie<\/li>\n<li><strong>min. aplika\u010dn\u00e1 teplota:<\/strong> 10\u00b0C<\/li>\n<\/ul>\n<p>&nbsp;<\/p>\n<h4><strong> \u010c\u00edra f\u00f3lia Clear View\u00a0<\/strong><\/h4>\n<p>\u010c\u00edra f\u00f3lia, zn\u00e1ma aj pod n\u00e1zvom Clear View, kombinuje vlastnosti produktu prieh\u013eadn\u00e1 f\u00f3lia, no vyzna\u010duje sa vysokou prieh\u013eadnos\u0165ou. Nepotla\u010den\u00e9 \u010dasti umo\u017e\u0148uj\u00fa \u00faplne jasn\u00fd poh\u013ead cez sklo a javia sa \u00faplne \u010d\u00edre. \u0160trukt\u00fara \u010d\u00edrej f\u00f3lie poskytuje vynikaj\u00facu kvalitu tla\u010de a vytv\u00e1ra mno\u017estvo pr\u00edle\u017eitost\u00ed na pou\u017eitie. \u010c\u00edru f\u00f3liu pou\u017eite tam, kde je potrebujete vysok\u00fa prieh\u013eadnos\u0165 a z\u00e1rove\u0148 potrebujete prezentova\u0165 vizu\u00e1lne atrakt\u00edvne grafick\u00e9 prvky. Pou\u017eite ju na napr\u00edklad na okenn\u00e9 polepy, reklamn\u00e9 plochy, ale aj na dekor\u00e1ciu interi\u00e9ru a exteri\u00e9ru. Pou\u017eite ju na vytvorenie elegantn\u00fdch a sofistikovan\u00fdch reklamn\u00fdch kampan\u00ed.<\/p>\n<p>Vyberte si \u010d\u00edru f\u00f3liu Clear View a zaujmite svojich z\u00e1kazn\u00edkov.<\/p>\n<ul>\n<li><strong>hr\u00fabka:<\/strong> 50\u00b5<\/li>\n<li><strong>aplik\u00e1cia \/ pou\u017eitie:<\/strong>\u00a0interi\u00e9r \u2013 exteri\u00e9r<\/li>\n<li><strong>typ lepidla:<\/strong> \u010d\u00edre, tlakom aktivovan\u00e9, permanentn\u00e9<\/li>\n<li><strong>\u017eivotnos\u0165:<\/strong> do 7 rokov<\/li>\n<li><strong>teplotn\u00e1 odolnos\u0165:<\/strong> -50\u00b0C &#8211; 90\u00b0C<\/li>\n<li><strong>pou\u017eitie:<\/strong> rovn\u00e9 povrchy a mierne zakriven\u00e9, sklen\u00e9 povrchy, kancel\u00e1rie<\/li>\n<li><strong>min. aplika\u010dn\u00e1 teplota:<\/strong> 10\u00b0C<\/li>\n<\/ul>\n<p>&nbsp;<\/p>\n<p>Pri oboch typoch produktov prieh\u013eadn\u00e1\/\u010d\u00edra f\u00f3lia pou\u017e\u00edvame overen\u00e9 materi\u00e1ly s kombin\u00e1ciou kvalitnej tla\u010de.<\/p>\n","protected":false},"excerpt":{"rendered":"<p>\u0160pecifik\u00e1cie produktov prieh\u013eadn\u00e1\/\u010d\u00edra f\u00f3lia s vlastnou kvalitnou potla\u010dou: Prieh\u013eadn\u00e1 3-ro\u010dn\u00e1 leskl\u00e1 f\u00f3lia Prieh\u013eadn\u00e1 f\u00f3lia je ide\u00e1lnym rie\u0161en\u00edm pre v\u0161etky typy<\/p>\n","protected":false},"featured_media":6977,"template":"","meta":[],"product_brand":[],"product_cat":[101],"product_tag":[],"class_list":{"0":"post-6261","1":"product","2":"type-product","3":"status-publish","4":"has-post-thumbnail","6":"product_cat-material-en","8":"first","9":"instock","10":"taxable","11":"shipping-taxable","12":"purchasable","13":"product-type-simple"},"yoast_head":"<!-- This site is optimized with the Yoast SEO plugin v27.4 - https:\/\/yoast.com\/product\/yoast-seo-wordpress\/ -->\n<title>Transparent\/clear vinyl - Stikio<\/title>\n<meta name=\"robots\" content=\"index, follow, max-snippet:-1, max-image-preview:large, max-video-preview:-1\" \/>\n<link rel=\"canonical\" href=\"https:\/\/www.stikio.eu\/en\/produkty\/material-en\/transparent-clear-vinyl\/\" \/>\n<meta property=\"og:locale\" content=\"en_US\" \/>\n<meta property=\"og:type\" content=\"article\" \/>\n<meta property=\"og:title\" content=\"Transparent\/clear vinyl - Stikio\" \/>\n<meta property=\"og:description\" content=\"\u0160pecifik\u00e1cie produktov prieh\u013eadn\u00e1\/\u010d\u00edra f\u00f3lia s vlastnou kvalitnou potla\u010dou: Prieh\u013eadn\u00e1 3-ro\u010dn\u00e1 leskl\u00e1 f\u00f3lia Prieh\u013eadn\u00e1 f\u00f3lia je ide\u00e1lnym rie\u0161en\u00edm pre v\u0161etky typy\" \/>\n<meta property=\"og:url\" content=\"https:\/\/www.stikio.eu\/en\/produkty\/material-en\/transparent-clear-vinyl\/\" \/>\n<meta property=\"og:site_name\" content=\"Stikio\" \/>\n<meta property=\"article:publisher\" content=\"https:\/\/www.facebook.com\/stikio.eu\" \/>\n<meta property=\"article:modified_time\" content=\"2024-08-07T13:29:12+00:00\" \/>\n<meta property=\"og:image\" content=\"https:\/\/www.stikio.eu\/wp-content\/uploads\/2023\/09\/priehladna_cira_folia-1.jpg\" \/>\n\t<meta property=\"og:image:width\" content=\"800\" \/>\n\t<meta property=\"og:image:height\" content=\"800\" \/>\n\t<meta property=\"og:image:type\" content=\"image\/jpeg\" \/>\n<script type=\"application\/ld+json\" class=\"yoast-schema-graph\">{\"@context\":\"https:\\\/\\\/schema.org\",\"@graph\":[{\"@type\":\"WebPage\",\"@id\":\"https:\\\/\\\/www.stikio.eu\\\/en\\\/produkty\\\/material-en\\\/transparent-clear-vinyl\\\/\",\"url\":\"https:\\\/\\\/www.stikio.eu\\\/en\\\/produkty\\\/material-en\\\/transparent-clear-vinyl\\\/\",\"name\":\"Transparent\\\/clear vinyl - Stikio\",\"isPartOf\":{\"@id\":\"https:\\\/\\\/www.stikio.eu\\\/#website\"},\"primaryImageOfPage\":{\"@id\":\"https:\\\/\\\/www.stikio.eu\\\/en\\\/produkty\\\/material-en\\\/transparent-clear-vinyl\\\/#primaryimage\"},\"image\":{\"@id\":\"https:\\\/\\\/www.stikio.eu\\\/en\\\/produkty\\\/material-en\\\/transparent-clear-vinyl\\\/#primaryimage\"},\"thumbnailUrl\":\"https:\\\/\\\/www.stikio.eu\\\/wp-content\\\/uploads\\\/2023\\\/09\\\/priehladna_cira_folia-1.jpg\",\"datePublished\":\"2023-09-14T12:43:34+00:00\",\"dateModified\":\"2024-08-07T13:29:12+00:00\",\"breadcrumb\":{\"@id\":\"https:\\\/\\\/www.stikio.eu\\\/en\\\/produkty\\\/material-en\\\/transparent-clear-vinyl\\\/#breadcrumb\"},\"inLanguage\":\"en-US\",\"potentialAction\":[{\"@type\":\"ReadAction\",\"target\":[\"https:\\\/\\\/www.stikio.eu\\\/en\\\/produkty\\\/material-en\\\/transparent-clear-vinyl\\\/\"]}]},{\"@type\":\"ImageObject\",\"inLanguage\":\"en-US\",\"@id\":\"https:\\\/\\\/www.stikio.eu\\\/en\\\/produkty\\\/material-en\\\/transparent-clear-vinyl\\\/#primaryimage\",\"url\":\"https:\\\/\\\/www.stikio.eu\\\/wp-content\\\/uploads\\\/2023\\\/09\\\/priehladna_cira_folia-1.jpg\",\"contentUrl\":\"https:\\\/\\\/www.stikio.eu\\\/wp-content\\\/uploads\\\/2023\\\/09\\\/priehladna_cira_folia-1.jpg\",\"width\":800,\"height\":800,\"caption\":\"Prieh\u013eadn\u00e1\\\/\u010d\u00edra f\u00f3lia\"},{\"@type\":\"BreadcrumbList\",\"@id\":\"https:\\\/\\\/www.stikio.eu\\\/en\\\/produkty\\\/material-en\\\/transparent-clear-vinyl\\\/#breadcrumb\",\"itemListElement\":[{\"@type\":\"ListItem\",\"position\":1,\"name\":\"Domov\",\"item\":\"https:\\\/\\\/www.stikio.eu\\\/\"},{\"@type\":\"ListItem\",\"position\":2,\"name\":\"Products\",\"item\":\"https:\\\/\\\/www.stikio.eu\\\/en\\\/products\\\/\"},{\"@type\":\"ListItem\",\"position\":3,\"name\":\"Transparent\\\/clear vinyl\"}]},{\"@type\":\"WebSite\",\"@id\":\"https:\\\/\\\/www.stikio.eu\\\/#website\",\"url\":\"https:\\\/\\\/www.stikio.eu\\\/\",\"name\":\"Stikio\",\"description\":\"Specialists in custom-printed stickers\",\"publisher\":{\"@id\":\"https:\\\/\\\/www.stikio.eu\\\/#organization\"},\"potentialAction\":[{\"@type\":\"SearchAction\",\"target\":{\"@type\":\"EntryPoint\",\"urlTemplate\":\"https:\\\/\\\/www.stikio.eu\\\/?s={search_term_string}\"},\"query-input\":{\"@type\":\"PropertyValueSpecification\",\"valueRequired\":true,\"valueName\":\"search_term_string\"}}],\"inLanguage\":\"en-US\"},{\"@type\":\"Organization\",\"@id\":\"https:\\\/\\\/www.stikio.eu\\\/#organization\",\"name\":\"Stikio\",\"url\":\"https:\\\/\\\/www.stikio.eu\\\/\",\"logo\":{\"@type\":\"ImageObject\",\"inLanguage\":\"en-US\",\"@id\":\"https:\\\/\\\/www.stikio.eu\\\/#\\\/schema\\\/logo\\\/image\\\/\",\"url\":\"https:\\\/\\\/www.stikio.eu\\\/wp-content\\\/uploads\\\/2023\\\/02\\\/logo_stikio.svg\",\"contentUrl\":\"https:\\\/\\\/www.stikio.eu\\\/wp-content\\\/uploads\\\/2023\\\/02\\\/logo_stikio.svg\",\"width\":302,\"height\":87,\"caption\":\"Stikio\"},\"image\":{\"@id\":\"https:\\\/\\\/www.stikio.eu\\\/#\\\/schema\\\/logo\\\/image\\\/\"},\"sameAs\":[\"https:\\\/\\\/www.facebook.com\\\/stikio.eu\",\"https:\\\/\\\/www.instagram.com\\\/stikio.eu\\\/\"]}]}<\/script>\n<!-- \/ Yoast SEO plugin. -->","yoast_head_json":{"title":"Transparent\/clear vinyl - Stikio","robots":{"index":"index","follow":"follow","max-snippet":"max-snippet:-1","max-image-preview":"max-image-preview:large","max-video-preview":"max-video-preview:-1"},"canonical":"https:\/\/www.stikio.eu\/en\/produkty\/material-en\/transparent-clear-vinyl\/","og_locale":"en_US","og_type":"article","og_title":"Transparent\/clear vinyl - Stikio","og_description":"\u0160pecifik\u00e1cie produktov prieh\u013eadn\u00e1\/\u010d\u00edra f\u00f3lia s vlastnou kvalitnou potla\u010dou: Prieh\u013eadn\u00e1 3-ro\u010dn\u00e1 leskl\u00e1 f\u00f3lia Prieh\u013eadn\u00e1 f\u00f3lia je ide\u00e1lnym rie\u0161en\u00edm pre v\u0161etky typy","og_url":"https:\/\/www.stikio.eu\/en\/produkty\/material-en\/transparent-clear-vinyl\/","og_site_name":"Stikio","article_publisher":"https:\/\/www.facebook.com\/stikio.eu","article_modified_time":"2024-08-07T13:29:12+00:00","og_image":[{"width":800,"height":800,"url":"https:\/\/www.stikio.eu\/wp-content\/uploads\/2023\/09\/priehladna_cira_folia-1.jpg","type":"image\/jpeg"}],"schema":{"@context":"https:\/\/schema.org","@graph":[{"@type":"WebPage","@id":"https:\/\/www.stikio.eu\/en\/produkty\/material-en\/transparent-clear-vinyl\/","url":"https:\/\/www.stikio.eu\/en\/produkty\/material-en\/transparent-clear-vinyl\/","name":"Transparent\/clear vinyl - Stikio","isPartOf":{"@id":"https:\/\/www.stikio.eu\/#website"},"primaryImageOfPage":{"@id":"https:\/\/www.stikio.eu\/en\/produkty\/material-en\/transparent-clear-vinyl\/#primaryimage"},"image":{"@id":"https:\/\/www.stikio.eu\/en\/produkty\/material-en\/transparent-clear-vinyl\/#primaryimage"},"thumbnailUrl":"https:\/\/www.stikio.eu\/wp-content\/uploads\/2023\/09\/priehladna_cira_folia-1.jpg","datePublished":"2023-09-14T12:43:34+00:00","dateModified":"2024-08-07T13:29:12+00:00","breadcrumb":{"@id":"https:\/\/www.stikio.eu\/en\/produkty\/material-en\/transparent-clear-vinyl\/#breadcrumb"},"inLanguage":"en-US","potentialAction":[{"@type":"ReadAction","target":["https:\/\/www.stikio.eu\/en\/produkty\/material-en\/transparent-clear-vinyl\/"]}]},{"@type":"ImageObject","inLanguage":"en-US","@id":"https:\/\/www.stikio.eu\/en\/produkty\/material-en\/transparent-clear-vinyl\/#primaryimage","url":"https:\/\/www.stikio.eu\/wp-content\/uploads\/2023\/09\/priehladna_cira_folia-1.jpg","contentUrl":"https:\/\/www.stikio.eu\/wp-content\/uploads\/2023\/09\/priehladna_cira_folia-1.jpg","width":800,"height":800,"caption":"Prieh\u013eadn\u00e1\/\u010d\u00edra f\u00f3lia"},{"@type":"BreadcrumbList","@id":"https:\/\/www.stikio.eu\/en\/produkty\/material-en\/transparent-clear-vinyl\/#breadcrumb","itemListElement":[{"@type":"ListItem","position":1,"name":"Domov","item":"https:\/\/www.stikio.eu\/"},{"@type":"ListItem","position":2,"name":"Products","item":"https:\/\/www.stikio.eu\/en\/products\/"},{"@type":"ListItem","position":3,"name":"Transparent\/clear vinyl"}]},{"@type":"WebSite","@id":"https:\/\/www.stikio.eu\/#website","url":"https:\/\/www.stikio.eu\/","name":"Stikio","description":"Specialists in custom-printed stickers","publisher":{"@id":"https:\/\/www.stikio.eu\/#organization"},"potentialAction":[{"@type":"SearchAction","target":{"@type":"EntryPoint","urlTemplate":"https:\/\/www.stikio.eu\/?s={search_term_string}"},"query-input":{"@type":"PropertyValueSpecification","valueRequired":true,"valueName":"search_term_string"}}],"inLanguage":"en-US"},{"@type":"Organization","@id":"https:\/\/www.stikio.eu\/#organization","name":"Stikio","url":"https:\/\/www.stikio.eu\/","logo":{"@type":"ImageObject","inLanguage":"en-US","@id":"https:\/\/www.stikio.eu\/#\/schema\/logo\/image\/","url":"https:\/\/www.stikio.eu\/wp-content\/uploads\/2023\/02\/logo_stikio.svg","contentUrl":"https:\/\/www.stikio.eu\/wp-content\/uploads\/2023\/02\/logo_stikio.svg","width":302,"height":87,"caption":"Stikio"},"image":{"@id":"https:\/\/www.stikio.eu\/#\/schema\/logo\/image\/"},"sameAs":["https:\/\/www.facebook.com\/stikio.eu","https:\/\/www.instagram.com\/stikio.eu\/"]}]}},"_links":{"self":[{"href":"https:\/\/www.stikio.eu\/en\/wp-json\/wp\/v2\/product\/6261","targetHints":{"allow":["GET"]}}],"collection":[{"href":"https:\/\/www.stikio.eu\/en\/wp-json\/wp\/v2\/product"}],"about":[{"href":"https:\/\/www.stikio.eu\/en\/wp-json\/wp\/v2\/types\/product"}],"wp:featuredmedia":[{"embeddable":true,"href":"https:\/\/www.stikio.eu\/en\/wp-json\/wp\/v2\/media\/6977"}],"wp:attachment":[{"href":"https:\/\/www.stikio.eu\/en\/wp-json\/wp\/v2\/media?parent=6261"}],"wp:term":[{"taxonomy":"product_brand","embeddable":true,"href":"https:\/\/www.stikio.eu\/en\/wp-json\/wp\/v2\/product_brand?post=6261"},{"taxonomy":"product_cat","embeddable":true,"href":"https:\/\/www.stikio.eu\/en\/wp-json\/wp\/v2\/product_cat?post=6261"},{"taxonomy":"product_tag","embeddable":true,"href":"https:\/\/www.stikio.eu\/en\/wp-json\/wp\/v2\/product_tag?post=6261"}],"curies":[{"name":"wp","href":"https:\/\/api.w.org\/{rel}","templated":true}]}}