{"id":6259,"date":"2023-09-14T14:45:10","date_gmt":"2023-09-14T12:45:10","guid":{"rendered":"https:\/\/www.stikio.eu\/produkty\/uncategorized\/zivicove-samolepky\/"},"modified":"2024-08-06T15:26:11","modified_gmt":"2024-08-06T13:26:11","slug":"resin-stickers","status":"publish","type":"product","link":"https:\/\/www.stikio.eu\/en\/produkty\/material-en\/resin-stickers\/","title":{"rendered":"Resin stickers"},"content":{"rendered":"<div class=\"flex flex-grow flex-col gap-3\">\n<div class=\"min-h-[20px] flex flex-col items-start gap-4 whitespace-pre-wrap\">\n<div class=\"markdown prose w-full break-words dark:prose-invert light\">\n<p>Polyuret\u00e1nov\u00e1 \u017eivica, ktor\u00e1 sa nan\u00e1\u0161a na povrch farebn\u00fdch, samolepiacich etikiet, poskytuje nezamenite\u013en\u00fd a luxusn\u00fd vzh\u013ead s trojrozmern\u00fdm efektom a chr\u00e1ni ju pred mechanick\u00fdm po\u0161koden\u00edm. Tieto 3D \u017eivicov\u00e9 samolepky s\u00fa odoln\u00e9 vo\u010di vlhkosti, UV \u017eiareniu a mechanick\u00e9mu po\u0161kodeniu, \u010do z nich rob\u00ed trvanliv\u00fd a efekt\u00edvny n\u00e1stroj pre reklamn\u00e9 \u00fa\u010dely.<\/p>\n<p>Pri v\u00e4\u010d\u0161\u00edch ploch\u00e1ch sa v\u00fdrazn\u00fd trojrozmern\u00fd efekt mo\u017eno neuk\u00e1\u017ee v celej svojej kr\u00e1se, preto zv\u00e1\u017ete ve\u013ekos\u0165 a umiestnenie samolepiek pre dosiahnutie najlep\u0161\u00edch v\u00fdsledkov. 3D \u017eivicov\u00e9 samolepky m\u00f4\u017ete pou\u017ei\u0165 pre r\u00f4zne aplik\u00e1cie, vr\u00e1tane reklamn\u00fdch kampan\u00ed, produktov\u00fdch ozna\u010den\u00ed a \u010fal\u0161\u00edch marketingov\u00fdch materi\u00e1lov. Ich trojrozmern\u00fd efekt pril\u00e1ka pozornos\u0165 a pom\u00f4\u017ee v\u00e1m zv\u00fd\u0161i\u0165 povedomie o va\u0161ej zna\u010dke.<\/p>\n<p>Na\u0161e 3D samolepky sa vyr\u00e1baj\u00fa s pou\u017eit\u00edm modern\u00fdch technol\u00f3gi\u00ed a kvalitn\u00fdch materi\u00e1lov, \u010do zaru\u010duje ich trvanlivos\u0165 a vysok\u00fa kvalitu. Okrem toho, na\u0161e sk\u00fasen\u00e9 a odborn\u00e9 t\u00edmy v\u00e1m pom\u00f4\u017eu s dizajnom a aplik\u00e1ciou samolepiek na va\u0161e konkr\u00e9tne potreby. M\u00f4\u017eeme tie\u017e zabezpe\u010di\u0165 r\u00f4zne typy samolepiek a materi\u00e1lov, aby sme sa prisp\u00f4sobili va\u0161im \u0161pecifick\u00fdm po\u017eiadavk\u00e1m a po\u017eiadavk\u00e1m projektu.<\/p>\n<p>3D \u017eivicov\u00e9 samolepky s\u00fa popul\u00e1rne nielen v oblasti reklamy, ale aj v oblasti dizajnu interi\u00e9ru a exteri\u00e9ru. V\u010faka svojmu trojrozmern\u00e9mu efektu dok\u00e1\u017eu vytv\u00e1ra\u0165 zauj\u00edmav\u00e9 a origin\u00e1lne vizu\u00e1lne prvky. \u010casto sa pou\u017e\u00edvaj\u00fa na v\u00fdrobu n\u00e1pisov, log, embl\u00e9mov. Ich vyu\u017eitie je takmer neobmedzen\u00e9 a v kombin\u00e1cii s plnofarebnou tla\u010dou je mo\u017en\u00e9 vytvori\u0165 naozaj unik\u00e1tne prvky. V\u010faka odolnosti vo\u010di UV \u017eiareniu a vlhkosti vyu\u017eijete tieto samolepky aj na vonkaj\u0161ie pou\u017eitie. Aplik\u00e1cia 3D \u017eivicov\u00fdch samolepiek je jednoduch\u00e1 a r\u00fdchla a v\u00fdsledok je skuto\u010dne luxusn\u00fd a neopakovate\u013en\u00fd.<\/p>\n<\/div>\n<\/div>\n<\/div>\n<p>&nbsp;<\/p>\n<h4><strong>Hlavn\u00e9 v\u00fdhody produktu 3D \u017eivicov\u00e9 samolepky:<\/strong><\/h4>\n<ul>\n<li>ochranu grafiky pred po\u0161koden\u00edm (vyblednut\u00edm \u010di o\u0161\u00fachan\u00edm)<\/li>\n<li>zv\u00fdraznenie grafiky<\/li>\n<li>pru\u017enos\u0165 a \u010d\u00edros\u0165<\/li>\n<li><strong>\u017eivotnos\u0165:<\/strong> do 5 rokov<\/li>\n<li><b>tvar n\u00e1lepky:<\/b> hocijak\u00fd tvar so zaoblen\u00fdm rohov min. 2mm<\/li>\n<li><strong>minim\u00e1lny rozmer n\u00e1lepky: <\/strong>\u00a0nem\u00f4\u017ee by\u0165 men\u0161\u00ed ako 15mm.<\/li>\n<li><strong>maxim\u00e1lny rozmer n\u00e1lepky: <\/strong>600 mm.<\/li>\n<li><strong>pou\u017eitie:<\/strong> ide\u00e1lne ako firemn\u00e9 zna\u010dky pre produkty ak\u00e9hoko\u013evek druhu: po\u010d\u00edta\u010de, aut\u00e1, n\u00e1bytok, elektronick\u00e9 zariadenia, dom\u00e1ce spotrebi\u010de a pod.<\/li>\n<\/ul>\n","protected":false},"excerpt":{"rendered":"<p>Polyuret\u00e1nov\u00e1 \u017eivica, ktor\u00e1 sa nan\u00e1\u0161a na povrch farebn\u00fdch, samolepiacich etikiet, poskytuje nezamenite\u013en\u00fd a luxusn\u00fd vzh\u013ead s trojrozmern\u00fdm efektom a chr\u00e1ni<\/p>\n","protected":false},"featured_media":4839,"template":"","meta":[],"product_brand":[],"product_cat":[101],"product_tag":[],"class_list":{"0":"post-6259","1":"product","2":"type-product","3":"status-publish","4":"has-post-thumbnail","6":"product_cat-material-en","8":"first","9":"instock","10":"taxable","11":"shipping-taxable","12":"purchasable","13":"product-type-simple"},"yoast_head":"<!-- This site is optimized with the Yoast SEO plugin v27.4 - https:\/\/yoast.com\/product\/yoast-seo-wordpress\/ -->\n<title>Resin stickers - Stikio<\/title>\n<meta name=\"robots\" content=\"index, follow, max-snippet:-1, max-image-preview:large, max-video-preview:-1\" \/>\n<link rel=\"canonical\" href=\"https:\/\/www.stikio.eu\/en\/produkty\/material-en\/resin-stickers\/\" \/>\n<meta property=\"og:locale\" content=\"en_US\" \/>\n<meta property=\"og:type\" content=\"article\" \/>\n<meta property=\"og:title\" content=\"Resin stickers - Stikio\" \/>\n<meta property=\"og:description\" content=\"Polyuret\u00e1nov\u00e1 \u017eivica, ktor\u00e1 sa nan\u00e1\u0161a na povrch farebn\u00fdch, samolepiacich etikiet, poskytuje nezamenite\u013en\u00fd a luxusn\u00fd vzh\u013ead s trojrozmern\u00fdm efektom a chr\u00e1ni\" \/>\n<meta property=\"og:url\" content=\"https:\/\/www.stikio.eu\/en\/produkty\/material-en\/resin-stickers\/\" \/>\n<meta property=\"og:site_name\" content=\"Stikio\" \/>\n<meta property=\"article:publisher\" content=\"https:\/\/www.facebook.com\/stikio.eu\" \/>\n<meta property=\"article:modified_time\" content=\"2024-08-06T13:26:11+00:00\" \/>\n<meta property=\"og:image\" content=\"https:\/\/www.stikio.eu\/wp-content\/uploads\/2023\/11\/zivicove_samolepky.jpg\" \/>\n\t<meta property=\"og:image:width\" content=\"800\" \/>\n\t<meta property=\"og:image:height\" content=\"800\" \/>\n\t<meta property=\"og:image:type\" content=\"image\/jpeg\" \/>\n<script type=\"application\/ld+json\" class=\"yoast-schema-graph\">{\"@context\":\"https:\\\/\\\/schema.org\",\"@graph\":[{\"@type\":\"WebPage\",\"@id\":\"https:\\\/\\\/www.stikio.eu\\\/en\\\/produkty\\\/material-en\\\/resin-stickers\\\/\",\"url\":\"https:\\\/\\\/www.stikio.eu\\\/en\\\/produkty\\\/material-en\\\/resin-stickers\\\/\",\"name\":\"Resin stickers - Stikio\",\"isPartOf\":{\"@id\":\"https:\\\/\\\/www.stikio.eu\\\/#website\"},\"primaryImageOfPage\":{\"@id\":\"https:\\\/\\\/www.stikio.eu\\\/en\\\/produkty\\\/material-en\\\/resin-stickers\\\/#primaryimage\"},\"image\":{\"@id\":\"https:\\\/\\\/www.stikio.eu\\\/en\\\/produkty\\\/material-en\\\/resin-stickers\\\/#primaryimage\"},\"thumbnailUrl\":\"https:\\\/\\\/www.stikio.eu\\\/wp-content\\\/uploads\\\/2023\\\/11\\\/zivicove_samolepky.jpg\",\"datePublished\":\"2023-09-14T12:45:10+00:00\",\"dateModified\":\"2024-08-06T13:26:11+00:00\",\"breadcrumb\":{\"@id\":\"https:\\\/\\\/www.stikio.eu\\\/en\\\/produkty\\\/material-en\\\/resin-stickers\\\/#breadcrumb\"},\"inLanguage\":\"en-US\",\"potentialAction\":[{\"@type\":\"ReadAction\",\"target\":[\"https:\\\/\\\/www.stikio.eu\\\/en\\\/produkty\\\/material-en\\\/resin-stickers\\\/\"]}]},{\"@type\":\"ImageObject\",\"inLanguage\":\"en-US\",\"@id\":\"https:\\\/\\\/www.stikio.eu\\\/en\\\/produkty\\\/material-en\\\/resin-stickers\\\/#primaryimage\",\"url\":\"https:\\\/\\\/www.stikio.eu\\\/wp-content\\\/uploads\\\/2023\\\/11\\\/zivicove_samolepky.jpg\",\"contentUrl\":\"https:\\\/\\\/www.stikio.eu\\\/wp-content\\\/uploads\\\/2023\\\/11\\\/zivicove_samolepky.jpg\",\"width\":800,\"height\":800,\"caption\":\"\u017divicov\u00e9 samolepky\"},{\"@type\":\"BreadcrumbList\",\"@id\":\"https:\\\/\\\/www.stikio.eu\\\/en\\\/produkty\\\/material-en\\\/resin-stickers\\\/#breadcrumb\",\"itemListElement\":[{\"@type\":\"ListItem\",\"position\":1,\"name\":\"Domov\",\"item\":\"https:\\\/\\\/www.stikio.eu\\\/\"},{\"@type\":\"ListItem\",\"position\":2,\"name\":\"Products\",\"item\":\"https:\\\/\\\/www.stikio.eu\\\/en\\\/products\\\/\"},{\"@type\":\"ListItem\",\"position\":3,\"name\":\"Resin stickers\"}]},{\"@type\":\"WebSite\",\"@id\":\"https:\\\/\\\/www.stikio.eu\\\/#website\",\"url\":\"https:\\\/\\\/www.stikio.eu\\\/\",\"name\":\"Stikio\",\"description\":\"Specialists in custom-printed stickers\",\"publisher\":{\"@id\":\"https:\\\/\\\/www.stikio.eu\\\/#organization\"},\"potentialAction\":[{\"@type\":\"SearchAction\",\"target\":{\"@type\":\"EntryPoint\",\"urlTemplate\":\"https:\\\/\\\/www.stikio.eu\\\/?s={search_term_string}\"},\"query-input\":{\"@type\":\"PropertyValueSpecification\",\"valueRequired\":true,\"valueName\":\"search_term_string\"}}],\"inLanguage\":\"en-US\"},{\"@type\":\"Organization\",\"@id\":\"https:\\\/\\\/www.stikio.eu\\\/#organization\",\"name\":\"Stikio\",\"url\":\"https:\\\/\\\/www.stikio.eu\\\/\",\"logo\":{\"@type\":\"ImageObject\",\"inLanguage\":\"en-US\",\"@id\":\"https:\\\/\\\/www.stikio.eu\\\/#\\\/schema\\\/logo\\\/image\\\/\",\"url\":\"https:\\\/\\\/www.stikio.eu\\\/wp-content\\\/uploads\\\/2023\\\/02\\\/logo_stikio.svg\",\"contentUrl\":\"https:\\\/\\\/www.stikio.eu\\\/wp-content\\\/uploads\\\/2023\\\/02\\\/logo_stikio.svg\",\"width\":302,\"height\":87,\"caption\":\"Stikio\"},\"image\":{\"@id\":\"https:\\\/\\\/www.stikio.eu\\\/#\\\/schema\\\/logo\\\/image\\\/\"},\"sameAs\":[\"https:\\\/\\\/www.facebook.com\\\/stikio.eu\",\"https:\\\/\\\/www.instagram.com\\\/stikio.eu\\\/\"]}]}<\/script>\n<!-- \/ Yoast SEO plugin. -->","yoast_head_json":{"title":"Resin stickers - Stikio","robots":{"index":"index","follow":"follow","max-snippet":"max-snippet:-1","max-image-preview":"max-image-preview:large","max-video-preview":"max-video-preview:-1"},"canonical":"https:\/\/www.stikio.eu\/en\/produkty\/material-en\/resin-stickers\/","og_locale":"en_US","og_type":"article","og_title":"Resin stickers - Stikio","og_description":"Polyuret\u00e1nov\u00e1 \u017eivica, ktor\u00e1 sa nan\u00e1\u0161a na povrch farebn\u00fdch, samolepiacich etikiet, poskytuje nezamenite\u013en\u00fd a luxusn\u00fd vzh\u013ead s trojrozmern\u00fdm efektom a chr\u00e1ni","og_url":"https:\/\/www.stikio.eu\/en\/produkty\/material-en\/resin-stickers\/","og_site_name":"Stikio","article_publisher":"https:\/\/www.facebook.com\/stikio.eu","article_modified_time":"2024-08-06T13:26:11+00:00","og_image":[{"width":800,"height":800,"url":"https:\/\/www.stikio.eu\/wp-content\/uploads\/2023\/11\/zivicove_samolepky.jpg","type":"image\/jpeg"}],"schema":{"@context":"https:\/\/schema.org","@graph":[{"@type":"WebPage","@id":"https:\/\/www.stikio.eu\/en\/produkty\/material-en\/resin-stickers\/","url":"https:\/\/www.stikio.eu\/en\/produkty\/material-en\/resin-stickers\/","name":"Resin stickers - Stikio","isPartOf":{"@id":"https:\/\/www.stikio.eu\/#website"},"primaryImageOfPage":{"@id":"https:\/\/www.stikio.eu\/en\/produkty\/material-en\/resin-stickers\/#primaryimage"},"image":{"@id":"https:\/\/www.stikio.eu\/en\/produkty\/material-en\/resin-stickers\/#primaryimage"},"thumbnailUrl":"https:\/\/www.stikio.eu\/wp-content\/uploads\/2023\/11\/zivicove_samolepky.jpg","datePublished":"2023-09-14T12:45:10+00:00","dateModified":"2024-08-06T13:26:11+00:00","breadcrumb":{"@id":"https:\/\/www.stikio.eu\/en\/produkty\/material-en\/resin-stickers\/#breadcrumb"},"inLanguage":"en-US","potentialAction":[{"@type":"ReadAction","target":["https:\/\/www.stikio.eu\/en\/produkty\/material-en\/resin-stickers\/"]}]},{"@type":"ImageObject","inLanguage":"en-US","@id":"https:\/\/www.stikio.eu\/en\/produkty\/material-en\/resin-stickers\/#primaryimage","url":"https:\/\/www.stikio.eu\/wp-content\/uploads\/2023\/11\/zivicove_samolepky.jpg","contentUrl":"https:\/\/www.stikio.eu\/wp-content\/uploads\/2023\/11\/zivicove_samolepky.jpg","width":800,"height":800,"caption":"\u017divicov\u00e9 samolepky"},{"@type":"BreadcrumbList","@id":"https:\/\/www.stikio.eu\/en\/produkty\/material-en\/resin-stickers\/#breadcrumb","itemListElement":[{"@type":"ListItem","position":1,"name":"Domov","item":"https:\/\/www.stikio.eu\/"},{"@type":"ListItem","position":2,"name":"Products","item":"https:\/\/www.stikio.eu\/en\/products\/"},{"@type":"ListItem","position":3,"name":"Resin stickers"}]},{"@type":"WebSite","@id":"https:\/\/www.stikio.eu\/#website","url":"https:\/\/www.stikio.eu\/","name":"Stikio","description":"Specialists in custom-printed stickers","publisher":{"@id":"https:\/\/www.stikio.eu\/#organization"},"potentialAction":[{"@type":"SearchAction","target":{"@type":"EntryPoint","urlTemplate":"https:\/\/www.stikio.eu\/?s={search_term_string}"},"query-input":{"@type":"PropertyValueSpecification","valueRequired":true,"valueName":"search_term_string"}}],"inLanguage":"en-US"},{"@type":"Organization","@id":"https:\/\/www.stikio.eu\/#organization","name":"Stikio","url":"https:\/\/www.stikio.eu\/","logo":{"@type":"ImageObject","inLanguage":"en-US","@id":"https:\/\/www.stikio.eu\/#\/schema\/logo\/image\/","url":"https:\/\/www.stikio.eu\/wp-content\/uploads\/2023\/02\/logo_stikio.svg","contentUrl":"https:\/\/www.stikio.eu\/wp-content\/uploads\/2023\/02\/logo_stikio.svg","width":302,"height":87,"caption":"Stikio"},"image":{"@id":"https:\/\/www.stikio.eu\/#\/schema\/logo\/image\/"},"sameAs":["https:\/\/www.facebook.com\/stikio.eu","https:\/\/www.instagram.com\/stikio.eu\/"]}]}},"_links":{"self":[{"href":"https:\/\/www.stikio.eu\/en\/wp-json\/wp\/v2\/product\/6259","targetHints":{"allow":["GET"]}}],"collection":[{"href":"https:\/\/www.stikio.eu\/en\/wp-json\/wp\/v2\/product"}],"about":[{"href":"https:\/\/www.stikio.eu\/en\/wp-json\/wp\/v2\/types\/product"}],"wp:featuredmedia":[{"embeddable":true,"href":"https:\/\/www.stikio.eu\/en\/wp-json\/wp\/v2\/media\/4839"}],"wp:attachment":[{"href":"https:\/\/www.stikio.eu\/en\/wp-json\/wp\/v2\/media?parent=6259"}],"wp:term":[{"taxonomy":"product_brand","embeddable":true,"href":"https:\/\/www.stikio.eu\/en\/wp-json\/wp\/v2\/product_brand?post=6259"},{"taxonomy":"product_cat","embeddable":true,"href":"https:\/\/www.stikio.eu\/en\/wp-json\/wp\/v2\/product_cat?post=6259"},{"taxonomy":"product_tag","embeddable":true,"href":"https:\/\/www.stikio.eu\/en\/wp-json\/wp\/v2\/product_tag?post=6259"}],"curies":[{"name":"wp","href":"https:\/\/api.w.org\/{rel}","templated":true}]}}