{"id":6257,"date":"2023-09-14T14:45:45","date_gmt":"2023-09-14T12:45:45","guid":{"rendered":"https:\/\/www.stikio.eu\/produkty\/uncategorized\/plomby-destrukcne-samolepky\/"},"modified":"2024-08-07T15:27:46","modified_gmt":"2024-08-07T13:27:46","slug":"seals-destructive-stickers","status":"publish","type":"product","link":"https:\/\/www.stikio.eu\/en\/produkty\/material-en\/seals-destructive-stickers\/","title":{"rendered":"Seals\/destructive stickers"},"content":{"rendered":"<div class=\"flex flex-grow flex-col gap-3\">\n<div class=\"min-h-[20px] flex flex-col items-start gap-4 whitespace-pre-wrap\">\n<div class=\"markdown prose w-full break-words dark:prose-invert light\">\n<p>Pon\u00fakame plomby\/de\u0161truk\u010dn\u00e9 samolepky na f\u00f3lii s extr\u00e9mne vysokou lepivos\u0165ou. T\u00e1to f\u00f3lia je navrhnut\u00e1 tak, aby sa nedala odstr\u00e1ni\u0165 bez poru\u0161enia samotnej etikety alebo plomby. Vyu\u017e\u00edva sa preto na ochranu r\u00f4znych nosi\u010dov a pr\u00edstrojov s vy\u0161\u0161ou hodnotou, ako s\u00fa krabice, bal\u00edky, po\u010d\u00edta\u010de, d\u00e1tov\u00e9 nosi\u010de, s\u00fa\u010diastky so z\u00e1rukou a mnoho \u010fal\u0161\u00edch. Plombovacie samolepiace etikety sa pou\u017e\u00edvaj\u00fa aj na ochranu pred kradnut\u00edm a fal\u0161ovan\u00edm, ako s\u00fa napr\u00edklad dokumenty, s\u00e9riov\u00e9 a invent\u00e1rne \u010d\u00edsla a podobne. F\u00f3liu m\u00f4\u017ete odstr\u00e1ni\u0165 len po mal\u00fdch \u010dastiach.<\/p>\n<p>Plomby\/de\u0161truk\u010dn\u00e9 samolepky vyr\u00e1bame v akejko\u013evek ve\u013ekosti a tvare a m\u00f4\u017eme ich plnofarebne potla\u010di\u0165 s va\u0161im logom alebo in\u00fdm dizajnom. S\u00fa odoln\u00e9 a chr\u00e1nia va\u0161e cennosti pred neopr\u00e1vnen\u00fdm pr\u00edstupom a po\u0161koden\u00edm. Okrem toho ich m\u00f4\u017ete pou\u017ei\u0165 aj pre obchodn\u00e9 \u00fa\u010dely a umo\u017e\u0148uj\u00fa jasne identifikova\u0165 va\u0161e produkty a zabezpe\u010di\u0165 ich autenticitu.<\/p>\n<p>Na\u0161e tla\u010diarensk\u00e9 technol\u00f3gie zaru\u010duj\u00fa vysok\u00fa kvalitu tla\u010de bez rozmazania a spl\u00fdvania farieb. Pou\u017e\u00edvame kvalitn\u00e9 materi\u00e1ly a prec\u00edzne tla\u010dov\u00e9 stroje, aby sme zabezpe\u010dili presn\u00fa reprodukciu farieb a detailov.<\/p>\n<p>Sme hrd\u00ed na kvalitu n\u00e1\u0161ho produktu plomby\/de\u0161truk\u010dn\u00e9 samolepky a na\u0161i z\u00e1kazn\u00edci sa na ne m\u00f4\u017eu spo\u013eahn\u00fa\u0165 pri ochrane svojich cennost\u00ed. Na\u0161e produkty vyr\u00e1bame s pou\u017eit\u00edm modern\u00fdch technol\u00f3gi\u00ed a vysoko kvalitn\u00fdch materi\u00e1lov, aby sme zabezpe\u010dili najlep\u0161ie v\u00fdsledky a spokojnos\u0165 na\u0161ich z\u00e1kazn\u00edkov.<\/p>\n<\/div>\n<h4><strong>\u0160pecifik\u00e1cia:<\/strong><\/h4>\n<\/div>\n<\/div>\n<ul>\n<li><strong>hr\u00fabka:<\/strong> 55\u00b5<\/li>\n<li><strong>aplik\u00e1cia \/pou\u017eitie:<\/strong>\u00a0interi\u00e9r \u2013 exteri\u00e9r<\/li>\n<li><strong>\u0161\u00edrka f\u00f3lie:<\/strong> 50cm<\/li>\n<li><strong>\u017eivotnos\u0165:<\/strong> a\u017e do 5 rokov<\/li>\n<li><strong>pou\u017eitie:<\/strong>\u00a0rovn\u00e9 povrchy<\/li>\n<li><strong>min. aplika\u010dn\u00e1 teplota:<\/strong>\u00a010\u00b0C<\/li>\n<li><strong>balenie:<\/strong> etikety dod\u00e1vame na h\u00e1rkoch cca A3, bez separovania<\/li>\n<li><strong>aplik\u00e1cia:<\/strong> \u00a0vhodn\u00e1 na v\u00fdrobu identifika\u010dn\u00fdch \u0161t\u00edtkov a plombovac\u00edch n\u00e1lepiek, pri ktor\u00fdch sa kladie d\u00f4raz na poru\u0161enie \u0161t\u00edtku.<\/li>\n<\/ul>\n","protected":false},"excerpt":{"rendered":"<p>Pon\u00fakame plomby\/de\u0161truk\u010dn\u00e9 samolepky na f\u00f3lii s extr\u00e9mne vysokou lepivos\u0165ou. T\u00e1to f\u00f3lia je navrhnut\u00e1 tak, aby sa nedala odstr\u00e1ni\u0165 bez poru\u0161enia<\/p>\n","protected":false},"featured_media":4970,"template":"","meta":[],"product_brand":[],"product_cat":[101],"product_tag":[],"class_list":{"0":"post-6257","1":"product","2":"type-product","3":"status-publish","4":"has-post-thumbnail","6":"product_cat-material-en","8":"first","9":"instock","10":"taxable","11":"shipping-taxable","12":"purchasable","13":"product-type-simple"},"yoast_head":"<!-- This site is optimized with the Yoast SEO plugin v27.4 - https:\/\/yoast.com\/product\/yoast-seo-wordpress\/ -->\n<title>Seals\/destructive stickers - Stikio<\/title>\n<meta name=\"robots\" content=\"index, follow, max-snippet:-1, max-image-preview:large, max-video-preview:-1\" \/>\n<link rel=\"canonical\" href=\"https:\/\/www.stikio.eu\/en\/produkty\/material-en\/seals-destructive-stickers\/\" \/>\n<meta property=\"og:locale\" content=\"en_US\" \/>\n<meta property=\"og:type\" content=\"article\" \/>\n<meta property=\"og:title\" content=\"Seals\/destructive stickers - Stikio\" \/>\n<meta property=\"og:description\" content=\"Pon\u00fakame plomby\/de\u0161truk\u010dn\u00e9 samolepky na f\u00f3lii s extr\u00e9mne vysokou lepivos\u0165ou. T\u00e1to f\u00f3lia je navrhnut\u00e1 tak, aby sa nedala odstr\u00e1ni\u0165 bez poru\u0161enia\" \/>\n<meta property=\"og:url\" content=\"https:\/\/www.stikio.eu\/en\/produkty\/material-en\/seals-destructive-stickers\/\" \/>\n<meta property=\"og:site_name\" content=\"Stikio\" \/>\n<meta property=\"article:publisher\" content=\"https:\/\/www.facebook.com\/stikio.eu\" \/>\n<meta property=\"article:modified_time\" content=\"2024-08-07T13:27:46+00:00\" \/>\n<meta property=\"og:image\" content=\"https:\/\/www.stikio.eu\/wp-content\/uploads\/2023\/09\/plomby_destrukcne_samolepky.jpg\" \/>\n\t<meta property=\"og:image:width\" content=\"800\" \/>\n\t<meta property=\"og:image:height\" content=\"800\" \/>\n\t<meta property=\"og:image:type\" content=\"image\/jpeg\" \/>\n<script type=\"application\/ld+json\" class=\"yoast-schema-graph\">{\"@context\":\"https:\\\/\\\/schema.org\",\"@graph\":[{\"@type\":\"WebPage\",\"@id\":\"https:\\\/\\\/www.stikio.eu\\\/en\\\/produkty\\\/material-en\\\/seals-destructive-stickers\\\/\",\"url\":\"https:\\\/\\\/www.stikio.eu\\\/en\\\/produkty\\\/material-en\\\/seals-destructive-stickers\\\/\",\"name\":\"Seals\\\/destructive stickers - Stikio\",\"isPartOf\":{\"@id\":\"https:\\\/\\\/www.stikio.eu\\\/#website\"},\"primaryImageOfPage\":{\"@id\":\"https:\\\/\\\/www.stikio.eu\\\/en\\\/produkty\\\/material-en\\\/seals-destructive-stickers\\\/#primaryimage\"},\"image\":{\"@id\":\"https:\\\/\\\/www.stikio.eu\\\/en\\\/produkty\\\/material-en\\\/seals-destructive-stickers\\\/#primaryimage\"},\"thumbnailUrl\":\"https:\\\/\\\/www.stikio.eu\\\/wp-content\\\/uploads\\\/2023\\\/09\\\/plomby_destrukcne_samolepky.jpg\",\"datePublished\":\"2023-09-14T12:45:45+00:00\",\"dateModified\":\"2024-08-07T13:27:46+00:00\",\"breadcrumb\":{\"@id\":\"https:\\\/\\\/www.stikio.eu\\\/en\\\/produkty\\\/material-en\\\/seals-destructive-stickers\\\/#breadcrumb\"},\"inLanguage\":\"en-US\",\"potentialAction\":[{\"@type\":\"ReadAction\",\"target\":[\"https:\\\/\\\/www.stikio.eu\\\/en\\\/produkty\\\/material-en\\\/seals-destructive-stickers\\\/\"]}]},{\"@type\":\"ImageObject\",\"inLanguage\":\"en-US\",\"@id\":\"https:\\\/\\\/www.stikio.eu\\\/en\\\/produkty\\\/material-en\\\/seals-destructive-stickers\\\/#primaryimage\",\"url\":\"https:\\\/\\\/www.stikio.eu\\\/wp-content\\\/uploads\\\/2023\\\/09\\\/plomby_destrukcne_samolepky.jpg\",\"contentUrl\":\"https:\\\/\\\/www.stikio.eu\\\/wp-content\\\/uploads\\\/2023\\\/09\\\/plomby_destrukcne_samolepky.jpg\",\"width\":800,\"height\":800,\"caption\":\"Plomby\\\/De\u0161truk\u010dn\u00e9 samolepky\"},{\"@type\":\"BreadcrumbList\",\"@id\":\"https:\\\/\\\/www.stikio.eu\\\/en\\\/produkty\\\/material-en\\\/seals-destructive-stickers\\\/#breadcrumb\",\"itemListElement\":[{\"@type\":\"ListItem\",\"position\":1,\"name\":\"Domov\",\"item\":\"https:\\\/\\\/www.stikio.eu\\\/\"},{\"@type\":\"ListItem\",\"position\":2,\"name\":\"Products\",\"item\":\"https:\\\/\\\/www.stikio.eu\\\/en\\\/products\\\/\"},{\"@type\":\"ListItem\",\"position\":3,\"name\":\"Seals\\\/destructive stickers\"}]},{\"@type\":\"WebSite\",\"@id\":\"https:\\\/\\\/www.stikio.eu\\\/#website\",\"url\":\"https:\\\/\\\/www.stikio.eu\\\/\",\"name\":\"Stikio\",\"description\":\"Specialists in custom-printed stickers\",\"publisher\":{\"@id\":\"https:\\\/\\\/www.stikio.eu\\\/#organization\"},\"potentialAction\":[{\"@type\":\"SearchAction\",\"target\":{\"@type\":\"EntryPoint\",\"urlTemplate\":\"https:\\\/\\\/www.stikio.eu\\\/?s={search_term_string}\"},\"query-input\":{\"@type\":\"PropertyValueSpecification\",\"valueRequired\":true,\"valueName\":\"search_term_string\"}}],\"inLanguage\":\"en-US\"},{\"@type\":\"Organization\",\"@id\":\"https:\\\/\\\/www.stikio.eu\\\/#organization\",\"name\":\"Stikio\",\"url\":\"https:\\\/\\\/www.stikio.eu\\\/\",\"logo\":{\"@type\":\"ImageObject\",\"inLanguage\":\"en-US\",\"@id\":\"https:\\\/\\\/www.stikio.eu\\\/#\\\/schema\\\/logo\\\/image\\\/\",\"url\":\"https:\\\/\\\/www.stikio.eu\\\/wp-content\\\/uploads\\\/2023\\\/02\\\/logo_stikio.svg\",\"contentUrl\":\"https:\\\/\\\/www.stikio.eu\\\/wp-content\\\/uploads\\\/2023\\\/02\\\/logo_stikio.svg\",\"width\":302,\"height\":87,\"caption\":\"Stikio\"},\"image\":{\"@id\":\"https:\\\/\\\/www.stikio.eu\\\/#\\\/schema\\\/logo\\\/image\\\/\"},\"sameAs\":[\"https:\\\/\\\/www.facebook.com\\\/stikio.eu\",\"https:\\\/\\\/www.instagram.com\\\/stikio.eu\\\/\"]}]}<\/script>\n<!-- \/ Yoast SEO plugin. -->","yoast_head_json":{"title":"Seals\/destructive stickers - Stikio","robots":{"index":"index","follow":"follow","max-snippet":"max-snippet:-1","max-image-preview":"max-image-preview:large","max-video-preview":"max-video-preview:-1"},"canonical":"https:\/\/www.stikio.eu\/en\/produkty\/material-en\/seals-destructive-stickers\/","og_locale":"en_US","og_type":"article","og_title":"Seals\/destructive stickers - Stikio","og_description":"Pon\u00fakame plomby\/de\u0161truk\u010dn\u00e9 samolepky na f\u00f3lii s extr\u00e9mne vysokou lepivos\u0165ou. T\u00e1to f\u00f3lia je navrhnut\u00e1 tak, aby sa nedala odstr\u00e1ni\u0165 bez poru\u0161enia","og_url":"https:\/\/www.stikio.eu\/en\/produkty\/material-en\/seals-destructive-stickers\/","og_site_name":"Stikio","article_publisher":"https:\/\/www.facebook.com\/stikio.eu","article_modified_time":"2024-08-07T13:27:46+00:00","og_image":[{"width":800,"height":800,"url":"https:\/\/www.stikio.eu\/wp-content\/uploads\/2023\/09\/plomby_destrukcne_samolepky.jpg","type":"image\/jpeg"}],"schema":{"@context":"https:\/\/schema.org","@graph":[{"@type":"WebPage","@id":"https:\/\/www.stikio.eu\/en\/produkty\/material-en\/seals-destructive-stickers\/","url":"https:\/\/www.stikio.eu\/en\/produkty\/material-en\/seals-destructive-stickers\/","name":"Seals\/destructive stickers - Stikio","isPartOf":{"@id":"https:\/\/www.stikio.eu\/#website"},"primaryImageOfPage":{"@id":"https:\/\/www.stikio.eu\/en\/produkty\/material-en\/seals-destructive-stickers\/#primaryimage"},"image":{"@id":"https:\/\/www.stikio.eu\/en\/produkty\/material-en\/seals-destructive-stickers\/#primaryimage"},"thumbnailUrl":"https:\/\/www.stikio.eu\/wp-content\/uploads\/2023\/09\/plomby_destrukcne_samolepky.jpg","datePublished":"2023-09-14T12:45:45+00:00","dateModified":"2024-08-07T13:27:46+00:00","breadcrumb":{"@id":"https:\/\/www.stikio.eu\/en\/produkty\/material-en\/seals-destructive-stickers\/#breadcrumb"},"inLanguage":"en-US","potentialAction":[{"@type":"ReadAction","target":["https:\/\/www.stikio.eu\/en\/produkty\/material-en\/seals-destructive-stickers\/"]}]},{"@type":"ImageObject","inLanguage":"en-US","@id":"https:\/\/www.stikio.eu\/en\/produkty\/material-en\/seals-destructive-stickers\/#primaryimage","url":"https:\/\/www.stikio.eu\/wp-content\/uploads\/2023\/09\/plomby_destrukcne_samolepky.jpg","contentUrl":"https:\/\/www.stikio.eu\/wp-content\/uploads\/2023\/09\/plomby_destrukcne_samolepky.jpg","width":800,"height":800,"caption":"Plomby\/De\u0161truk\u010dn\u00e9 samolepky"},{"@type":"BreadcrumbList","@id":"https:\/\/www.stikio.eu\/en\/produkty\/material-en\/seals-destructive-stickers\/#breadcrumb","itemListElement":[{"@type":"ListItem","position":1,"name":"Domov","item":"https:\/\/www.stikio.eu\/"},{"@type":"ListItem","position":2,"name":"Products","item":"https:\/\/www.stikio.eu\/en\/products\/"},{"@type":"ListItem","position":3,"name":"Seals\/destructive stickers"}]},{"@type":"WebSite","@id":"https:\/\/www.stikio.eu\/#website","url":"https:\/\/www.stikio.eu\/","name":"Stikio","description":"Specialists in custom-printed stickers","publisher":{"@id":"https:\/\/www.stikio.eu\/#organization"},"potentialAction":[{"@type":"SearchAction","target":{"@type":"EntryPoint","urlTemplate":"https:\/\/www.stikio.eu\/?s={search_term_string}"},"query-input":{"@type":"PropertyValueSpecification","valueRequired":true,"valueName":"search_term_string"}}],"inLanguage":"en-US"},{"@type":"Organization","@id":"https:\/\/www.stikio.eu\/#organization","name":"Stikio","url":"https:\/\/www.stikio.eu\/","logo":{"@type":"ImageObject","inLanguage":"en-US","@id":"https:\/\/www.stikio.eu\/#\/schema\/logo\/image\/","url":"https:\/\/www.stikio.eu\/wp-content\/uploads\/2023\/02\/logo_stikio.svg","contentUrl":"https:\/\/www.stikio.eu\/wp-content\/uploads\/2023\/02\/logo_stikio.svg","width":302,"height":87,"caption":"Stikio"},"image":{"@id":"https:\/\/www.stikio.eu\/#\/schema\/logo\/image\/"},"sameAs":["https:\/\/www.facebook.com\/stikio.eu","https:\/\/www.instagram.com\/stikio.eu\/"]}]}},"_links":{"self":[{"href":"https:\/\/www.stikio.eu\/en\/wp-json\/wp\/v2\/product\/6257","targetHints":{"allow":["GET"]}}],"collection":[{"href":"https:\/\/www.stikio.eu\/en\/wp-json\/wp\/v2\/product"}],"about":[{"href":"https:\/\/www.stikio.eu\/en\/wp-json\/wp\/v2\/types\/product"}],"wp:featuredmedia":[{"embeddable":true,"href":"https:\/\/www.stikio.eu\/en\/wp-json\/wp\/v2\/media\/4970"}],"wp:attachment":[{"href":"https:\/\/www.stikio.eu\/en\/wp-json\/wp\/v2\/media?parent=6257"}],"wp:term":[{"taxonomy":"product_brand","embeddable":true,"href":"https:\/\/www.stikio.eu\/en\/wp-json\/wp\/v2\/product_brand?post=6257"},{"taxonomy":"product_cat","embeddable":true,"href":"https:\/\/www.stikio.eu\/en\/wp-json\/wp\/v2\/product_cat?post=6257"},{"taxonomy":"product_tag","embeddable":true,"href":"https:\/\/www.stikio.eu\/en\/wp-json\/wp\/v2\/product_tag?post=6257"}],"curies":[{"name":"wp","href":"https:\/\/api.w.org\/{rel}","templated":true}]}}