{"id":6253,"date":"2023-09-14T14:46:09","date_gmt":"2023-09-14T12:46:09","guid":{"rendered":"https:\/\/www.stikio.eu\/produkty\/uncategorized\/podlahova-folia\/"},"modified":"2024-08-07T15:26:44","modified_gmt":"2024-08-07T13:26:44","slug":"floor-stickers","status":"publish","type":"product","link":"https:\/\/www.stikio.eu\/en\/produkty\/material-en\/floor-stickers\/","title":{"rendered":"Floor stickers"},"content":{"rendered":"<p>Podlahov\u00e1 f\u00f3lia so \u0161peci\u00e1lnym High-Tack lepidlom, ktor\u00e9 je vhodn\u00e9 pre interi\u00e9rov\u00e9 a exteri\u00e9rov\u00e9 pou\u017eitie. Tieto samolepky ide\u00e1lne na \u0165a\u017eko polepite\u013en\u00e9 povrchy, ako s\u00fa napr\u00edklad \u0161trukt\u00farovan\u00e9 povrchy. Navy\u0161e tieto samolepky obsahuj\u00fa \u0161peci\u00e1lnu f\u00f3liou, ktor\u00e1 zabra\u0148uje po\u0161myknutiu a po\u0161kriabaniu povrchu. Samolepky na podlahu s\u00fa skvel\u00fdm sp\u00f4sobom ako premeni\u0165 oby\u010dajn\u00fa podlahu na reklamn\u00fa plochu. Podlahov\u00e1 reklama je n\u00e1paditou, okam\u017eite up\u00fata aj sklopen\u00e9 poh\u013eady okoloid\u00facich z\u00e1kazn\u00edkov.<\/p>\n<div class=\"flex flex-grow flex-col gap-3\">\n<div class=\"min-h-[20px] flex flex-col items-start gap-4 whitespace-pre-wrap\">\n<div class=\"markdown prose w-full break-words dark:prose-invert light\">\n<p>Podlahov\u00e1 f\u00f3lia je vynikaj\u00facim n\u00e1strojom na propag\u00e1ciu zna\u010dky alebo produktu. Ak spr\u00e1vne navrhneme samolepky, m\u00f4\u017eu obsahova\u0165 logo, obr\u00e1zky alebo in\u00fa grafiku, ktor\u00e1 efekt\u00edvne upozorn\u00ed na produkt alebo slu\u017ebu a zv\u00fd\u0161i vidite\u013enos\u0165 zna\u010dky. To m\u00f4\u017ee pom\u00f4c\u0165 pril\u00e1ka\u0165 pozornos\u0165 potenci\u00e1lnych z\u00e1kazn\u00edkov a zv\u00fd\u0161i\u0165 predaj.<\/p>\n<p>Aby ste dosiahli \u010do najvy\u0161\u0161iu \u00faspe\u0161nos\u0165 vyu\u017eitia podlahov\u00fdch samolepiek, mus\u00edte zv\u00e1\u017ei\u0165 v\u00fdber spr\u00e1vneho dizajnu a kvality v\u00fdroby.\u00a0V s\u00fa\u010dasnosti sa vyr\u00e1baj\u00fa podlahov\u00e9 samolepky s vysok\u00fdm rozl\u00ed\u0161en\u00edm, ktor\u00e9 zabezpe\u010duj\u00fa jasn\u00fa vizu\u00e1lnu prezent\u00e1ciu textu a grafiky. Samolepky tie\u017e odol\u00e1vaj\u00fa po\u0161kodeniu a opotrebeniu, \u010do umo\u017e\u0148uje ich pou\u017eitie po\u010das dlh\u0161ieho obdobia a zaru\u010duje vysok\u00fa kvalitu prezent\u00e1cie.<\/p>\n<\/div>\n<h4>\u0160pecifik\u00e1cia produktu:<\/h4>\n<\/div>\n<\/div>\n<ul>\n<li><strong>hr\u00fabka:<\/strong> 90\u00b5<\/li>\n<li><strong>\u0161\u00edrka: <\/strong>137cm<\/li>\n<li><strong>aplik\u00e1cia \/ pou\u017eitie:<\/strong>\u00a0interi\u00e9r \u2013 exteri\u00e9r<\/li>\n<li><strong>\u017eivotnos\u0165:<\/strong> a\u017e do 7 rokov<\/li>\n<li><strong>farebn\u00e1 st\u00e1los\u0165:<\/strong>\u00a0do 2 rokov<\/li>\n<li><strong>teplotn\u00e1 odolnos\u0165:<\/strong>\u00a0 -30\u00b0C a\u017e 120\u00b0C<\/li>\n<li><strong>pou\u017eitie:<\/strong>\u00a0rovn\u00e9 povrchy, mierne zakriven\u00e9 povrchy<\/li>\n<li><strong>min. aplika\u010dn\u00e1 teplota:<\/strong> 5\u00b0C<\/li>\n<li><strong>aplik\u00e1cia:<\/strong> Podlahov\u00fa reklamu pou\u017e\u00edvame ako formu navig\u00e1cie, \u00fa\u010delov\u00fa reklamu alebo ohrani\u010denie priestoru, ktor\u00e1 zlep\u0161\u00ed z\u00e1\u017eitok z nakupovania vo va\u0161om obchode.<\/li>\n<\/ul>\n<p>V pr\u00edpade, \u017ee v\u00e1m sta\u010d\u00ed samolepiaca f\u00f3lia so \u0161tandardn\u00fdm alebo \u013eahko odstr\u00e1nite\u013en\u00fdm lepidlom, nav\u0161t\u00edvte n\u00e1\u0161 produkt <a href=\"https:\/\/www.stikio.eu\/produkty\/pouzitie\/sklo\/folia-biela-s-potlacou\/\">F\u00f3lia biela s potla\u010dou<\/a>.<\/p>\n","protected":false},"excerpt":{"rendered":"<p>Podlahov\u00e1 f\u00f3lia so \u0161peci\u00e1lnym High-Tack lepidlom, ktor\u00e9 je vhodn\u00e9 pre interi\u00e9rov\u00e9 a exteri\u00e9rov\u00e9 pou\u017eitie. Tieto samolepky ide\u00e1lne na \u0165a\u017eko polepite\u013en\u00e9<\/p>\n","protected":false},"featured_media":6918,"template":"","meta":[],"product_brand":[],"product_cat":[101],"product_tag":[],"class_list":{"0":"post-6253","1":"product","2":"type-product","3":"status-publish","4":"has-post-thumbnail","6":"product_cat-material-en","8":"first","9":"instock","10":"taxable","11":"shipping-taxable","12":"purchasable","13":"product-type-simple"},"yoast_head":"<!-- This site is optimized with the Yoast SEO plugin v27.4 - https:\/\/yoast.com\/product\/yoast-seo-wordpress\/ -->\n<title>Floor stickers - Stikio<\/title>\n<meta name=\"robots\" content=\"index, follow, max-snippet:-1, max-image-preview:large, max-video-preview:-1\" \/>\n<link rel=\"canonical\" href=\"https:\/\/www.stikio.eu\/en\/produkty\/material-en\/floor-stickers\/\" \/>\n<meta property=\"og:locale\" content=\"en_US\" \/>\n<meta property=\"og:type\" content=\"article\" \/>\n<meta property=\"og:title\" content=\"Floor stickers - Stikio\" \/>\n<meta property=\"og:description\" content=\"Podlahov\u00e1 f\u00f3lia so \u0161peci\u00e1lnym High-Tack lepidlom, ktor\u00e9 je vhodn\u00e9 pre interi\u00e9rov\u00e9 a exteri\u00e9rov\u00e9 pou\u017eitie. Tieto samolepky ide\u00e1lne na \u0165a\u017eko polepite\u013en\u00e9\" \/>\n<meta property=\"og:url\" content=\"https:\/\/www.stikio.eu\/en\/produkty\/material-en\/floor-stickers\/\" \/>\n<meta property=\"og:site_name\" content=\"Stikio\" \/>\n<meta property=\"article:publisher\" content=\"https:\/\/www.facebook.com\/stikio.eu\" \/>\n<meta property=\"article:modified_time\" content=\"2024-08-07T13:26:44+00:00\" \/>\n<meta property=\"og:image\" content=\"https:\/\/www.stikio.eu\/wp-content\/uploads\/2023\/09\/podlahova_folia.jpg\" \/>\n\t<meta property=\"og:image:width\" content=\"800\" \/>\n\t<meta property=\"og:image:height\" content=\"800\" \/>\n\t<meta property=\"og:image:type\" content=\"image\/jpeg\" \/>\n<script type=\"application\/ld+json\" class=\"yoast-schema-graph\">{\"@context\":\"https:\\\/\\\/schema.org\",\"@graph\":[{\"@type\":\"WebPage\",\"@id\":\"https:\\\/\\\/www.stikio.eu\\\/en\\\/produkty\\\/material-en\\\/floor-stickers\\\/\",\"url\":\"https:\\\/\\\/www.stikio.eu\\\/en\\\/produkty\\\/material-en\\\/floor-stickers\\\/\",\"name\":\"Floor stickers - Stikio\",\"isPartOf\":{\"@id\":\"https:\\\/\\\/www.stikio.eu\\\/#website\"},\"primaryImageOfPage\":{\"@id\":\"https:\\\/\\\/www.stikio.eu\\\/en\\\/produkty\\\/material-en\\\/floor-stickers\\\/#primaryimage\"},\"image\":{\"@id\":\"https:\\\/\\\/www.stikio.eu\\\/en\\\/produkty\\\/material-en\\\/floor-stickers\\\/#primaryimage\"},\"thumbnailUrl\":\"https:\\\/\\\/www.stikio.eu\\\/wp-content\\\/uploads\\\/2023\\\/09\\\/podlahova_folia.jpg\",\"datePublished\":\"2023-09-14T12:46:09+00:00\",\"dateModified\":\"2024-08-07T13:26:44+00:00\",\"breadcrumb\":{\"@id\":\"https:\\\/\\\/www.stikio.eu\\\/en\\\/produkty\\\/material-en\\\/floor-stickers\\\/#breadcrumb\"},\"inLanguage\":\"en-US\",\"potentialAction\":[{\"@type\":\"ReadAction\",\"target\":[\"https:\\\/\\\/www.stikio.eu\\\/en\\\/produkty\\\/material-en\\\/floor-stickers\\\/\"]}]},{\"@type\":\"ImageObject\",\"inLanguage\":\"en-US\",\"@id\":\"https:\\\/\\\/www.stikio.eu\\\/en\\\/produkty\\\/material-en\\\/floor-stickers\\\/#primaryimage\",\"url\":\"https:\\\/\\\/www.stikio.eu\\\/wp-content\\\/uploads\\\/2023\\\/09\\\/podlahova_folia.jpg\",\"contentUrl\":\"https:\\\/\\\/www.stikio.eu\\\/wp-content\\\/uploads\\\/2023\\\/09\\\/podlahova_folia.jpg\",\"width\":800,\"height\":800,\"caption\":\"Podlahov\u00e1 f\u00f3lia\"},{\"@type\":\"BreadcrumbList\",\"@id\":\"https:\\\/\\\/www.stikio.eu\\\/en\\\/produkty\\\/material-en\\\/floor-stickers\\\/#breadcrumb\",\"itemListElement\":[{\"@type\":\"ListItem\",\"position\":1,\"name\":\"Domov\",\"item\":\"https:\\\/\\\/www.stikio.eu\\\/\"},{\"@type\":\"ListItem\",\"position\":2,\"name\":\"Products\",\"item\":\"https:\\\/\\\/www.stikio.eu\\\/en\\\/products\\\/\"},{\"@type\":\"ListItem\",\"position\":3,\"name\":\"Floor stickers\"}]},{\"@type\":\"WebSite\",\"@id\":\"https:\\\/\\\/www.stikio.eu\\\/#website\",\"url\":\"https:\\\/\\\/www.stikio.eu\\\/\",\"name\":\"Stikio\",\"description\":\"Specialists in custom-printed stickers\",\"publisher\":{\"@id\":\"https:\\\/\\\/www.stikio.eu\\\/#organization\"},\"potentialAction\":[{\"@type\":\"SearchAction\",\"target\":{\"@type\":\"EntryPoint\",\"urlTemplate\":\"https:\\\/\\\/www.stikio.eu\\\/?s={search_term_string}\"},\"query-input\":{\"@type\":\"PropertyValueSpecification\",\"valueRequired\":true,\"valueName\":\"search_term_string\"}}],\"inLanguage\":\"en-US\"},{\"@type\":\"Organization\",\"@id\":\"https:\\\/\\\/www.stikio.eu\\\/#organization\",\"name\":\"Stikio\",\"url\":\"https:\\\/\\\/www.stikio.eu\\\/\",\"logo\":{\"@type\":\"ImageObject\",\"inLanguage\":\"en-US\",\"@id\":\"https:\\\/\\\/www.stikio.eu\\\/#\\\/schema\\\/logo\\\/image\\\/\",\"url\":\"https:\\\/\\\/www.stikio.eu\\\/wp-content\\\/uploads\\\/2023\\\/02\\\/logo_stikio.svg\",\"contentUrl\":\"https:\\\/\\\/www.stikio.eu\\\/wp-content\\\/uploads\\\/2023\\\/02\\\/logo_stikio.svg\",\"width\":302,\"height\":87,\"caption\":\"Stikio\"},\"image\":{\"@id\":\"https:\\\/\\\/www.stikio.eu\\\/#\\\/schema\\\/logo\\\/image\\\/\"},\"sameAs\":[\"https:\\\/\\\/www.facebook.com\\\/stikio.eu\",\"https:\\\/\\\/www.instagram.com\\\/stikio.eu\\\/\"]}]}<\/script>\n<!-- \/ Yoast SEO plugin. -->","yoast_head_json":{"title":"Floor stickers - Stikio","robots":{"index":"index","follow":"follow","max-snippet":"max-snippet:-1","max-image-preview":"max-image-preview:large","max-video-preview":"max-video-preview:-1"},"canonical":"https:\/\/www.stikio.eu\/en\/produkty\/material-en\/floor-stickers\/","og_locale":"en_US","og_type":"article","og_title":"Floor stickers - Stikio","og_description":"Podlahov\u00e1 f\u00f3lia so \u0161peci\u00e1lnym High-Tack lepidlom, ktor\u00e9 je vhodn\u00e9 pre interi\u00e9rov\u00e9 a exteri\u00e9rov\u00e9 pou\u017eitie. Tieto samolepky ide\u00e1lne na \u0165a\u017eko polepite\u013en\u00e9","og_url":"https:\/\/www.stikio.eu\/en\/produkty\/material-en\/floor-stickers\/","og_site_name":"Stikio","article_publisher":"https:\/\/www.facebook.com\/stikio.eu","article_modified_time":"2024-08-07T13:26:44+00:00","og_image":[{"width":800,"height":800,"url":"https:\/\/www.stikio.eu\/wp-content\/uploads\/2023\/09\/podlahova_folia.jpg","type":"image\/jpeg"}],"schema":{"@context":"https:\/\/schema.org","@graph":[{"@type":"WebPage","@id":"https:\/\/www.stikio.eu\/en\/produkty\/material-en\/floor-stickers\/","url":"https:\/\/www.stikio.eu\/en\/produkty\/material-en\/floor-stickers\/","name":"Floor stickers - Stikio","isPartOf":{"@id":"https:\/\/www.stikio.eu\/#website"},"primaryImageOfPage":{"@id":"https:\/\/www.stikio.eu\/en\/produkty\/material-en\/floor-stickers\/#primaryimage"},"image":{"@id":"https:\/\/www.stikio.eu\/en\/produkty\/material-en\/floor-stickers\/#primaryimage"},"thumbnailUrl":"https:\/\/www.stikio.eu\/wp-content\/uploads\/2023\/09\/podlahova_folia.jpg","datePublished":"2023-09-14T12:46:09+00:00","dateModified":"2024-08-07T13:26:44+00:00","breadcrumb":{"@id":"https:\/\/www.stikio.eu\/en\/produkty\/material-en\/floor-stickers\/#breadcrumb"},"inLanguage":"en-US","potentialAction":[{"@type":"ReadAction","target":["https:\/\/www.stikio.eu\/en\/produkty\/material-en\/floor-stickers\/"]}]},{"@type":"ImageObject","inLanguage":"en-US","@id":"https:\/\/www.stikio.eu\/en\/produkty\/material-en\/floor-stickers\/#primaryimage","url":"https:\/\/www.stikio.eu\/wp-content\/uploads\/2023\/09\/podlahova_folia.jpg","contentUrl":"https:\/\/www.stikio.eu\/wp-content\/uploads\/2023\/09\/podlahova_folia.jpg","width":800,"height":800,"caption":"Podlahov\u00e1 f\u00f3lia"},{"@type":"BreadcrumbList","@id":"https:\/\/www.stikio.eu\/en\/produkty\/material-en\/floor-stickers\/#breadcrumb","itemListElement":[{"@type":"ListItem","position":1,"name":"Domov","item":"https:\/\/www.stikio.eu\/"},{"@type":"ListItem","position":2,"name":"Products","item":"https:\/\/www.stikio.eu\/en\/products\/"},{"@type":"ListItem","position":3,"name":"Floor stickers"}]},{"@type":"WebSite","@id":"https:\/\/www.stikio.eu\/#website","url":"https:\/\/www.stikio.eu\/","name":"Stikio","description":"Specialists in custom-printed stickers","publisher":{"@id":"https:\/\/www.stikio.eu\/#organization"},"potentialAction":[{"@type":"SearchAction","target":{"@type":"EntryPoint","urlTemplate":"https:\/\/www.stikio.eu\/?s={search_term_string}"},"query-input":{"@type":"PropertyValueSpecification","valueRequired":true,"valueName":"search_term_string"}}],"inLanguage":"en-US"},{"@type":"Organization","@id":"https:\/\/www.stikio.eu\/#organization","name":"Stikio","url":"https:\/\/www.stikio.eu\/","logo":{"@type":"ImageObject","inLanguage":"en-US","@id":"https:\/\/www.stikio.eu\/#\/schema\/logo\/image\/","url":"https:\/\/www.stikio.eu\/wp-content\/uploads\/2023\/02\/logo_stikio.svg","contentUrl":"https:\/\/www.stikio.eu\/wp-content\/uploads\/2023\/02\/logo_stikio.svg","width":302,"height":87,"caption":"Stikio"},"image":{"@id":"https:\/\/www.stikio.eu\/#\/schema\/logo\/image\/"},"sameAs":["https:\/\/www.facebook.com\/stikio.eu","https:\/\/www.instagram.com\/stikio.eu\/"]}]}},"_links":{"self":[{"href":"https:\/\/www.stikio.eu\/en\/wp-json\/wp\/v2\/product\/6253","targetHints":{"allow":["GET"]}}],"collection":[{"href":"https:\/\/www.stikio.eu\/en\/wp-json\/wp\/v2\/product"}],"about":[{"href":"https:\/\/www.stikio.eu\/en\/wp-json\/wp\/v2\/types\/product"}],"wp:featuredmedia":[{"embeddable":true,"href":"https:\/\/www.stikio.eu\/en\/wp-json\/wp\/v2\/media\/6918"}],"wp:attachment":[{"href":"https:\/\/www.stikio.eu\/en\/wp-json\/wp\/v2\/media?parent=6253"}],"wp:term":[{"taxonomy":"product_brand","embeddable":true,"href":"https:\/\/www.stikio.eu\/en\/wp-json\/wp\/v2\/product_brand?post=6253"},{"taxonomy":"product_cat","embeddable":true,"href":"https:\/\/www.stikio.eu\/en\/wp-json\/wp\/v2\/product_cat?post=6253"},{"taxonomy":"product_tag","embeddable":true,"href":"https:\/\/www.stikio.eu\/en\/wp-json\/wp\/v2\/product_tag?post=6253"}],"curies":[{"name":"wp","href":"https:\/\/api.w.org\/{rel}","templated":true}]}}