{"id":6251,"date":"2023-09-14T14:46:33","date_gmt":"2023-09-14T12:46:33","guid":{"rendered":"https:\/\/www.stikio.eu\/produkty\/uncategorized\/pieskova-folia\/"},"modified":"2024-08-07T15:25:30","modified_gmt":"2024-08-07T13:25:30","slug":"frosted-glass-vinyl","status":"publish","type":"product","link":"https:\/\/www.stikio.eu\/en\/produkty\/material-en\/frosted-glass-vinyl\/","title":{"rendered":"Frosted glass vinyl"},"content":{"rendered":"<div class=\"flex flex-grow flex-col gap-3\">\n<div class=\"min-h-[20px] flex flex-col items-start gap-4 whitespace-pre-wrap\">\n<div class=\"markdown prose w-full break-words dark:prose-invert light\">\n<p>Pieskov\u00e1 f\u00f3lia\/mlie\u010dne sklo je viac\u00fa\u010delovou transparentnou f\u00f3liou s matn\u00fdm povrchom, ktor\u00e1 vytv\u00e1ra kr\u00e1sny efekt mlie\u010dneho skla. T\u00e1to samolepiaca f\u00f3lia je skvel\u00fdm rie\u0161en\u00edm pre dekor\u00e1ciu sklenen\u00fdch povrchov v interi\u00e9ri aj exteri\u00e9ri. V\u010faka svojim vlastnostiam je pieskov\u00e1 f\u00f3lia ide\u00e1lnou vo\u013ebou tam, kde sa vy\u017eaduje efekt pieskov\u00e9ho, leptan\u00e9ho alebo matn\u00e9ho mlie\u010dneho skla.<\/p>\n<p>Pieskov\u00fa f\u00f3liu m\u00f4\u017eete vyu\u017ei\u0165 variabilne. V interi\u00e9roch ju m\u00f4\u017ete aplikova\u0165 na presklen\u00e9 steny, dvere alebo sklenen\u00e9 tabule, kde poskytuje elegantn\u00fd vzh\u013ead a zvy\u0161uje s\u00fakromie bez obmedzenia pr\u00edstupu svetla. V administrat\u00edvnych budov\u00e1ch a kancel\u00e1ri\u00e1ch pieskov\u00fa f\u00f3lia m\u00f4\u017ete vyu\u017ei\u0165 ako ochranu pred ne\u017eiaducimi poh\u013eadmi a z\u00e1rove\u0148 aj ako dekorat\u00edvny prvok.<\/p>\n<p>Samolepiacu pieskov\u00fa f\u00f3liu m\u00f4\u017eeme plne potla\u010di\u0165, \u010d\u00edm sa daj\u00fa vytvori\u0165 origin\u00e1lne a atrakt\u00edvne dekorat\u00edvne prvky. V\u010faka tomu sa t\u00e1to pieskov\u00e1 f\u00f3lia\/mlie\u010dne sklo \u010dasto pou\u017e\u00edvan\u00e1 aj na v\u00fdrobu reklamn\u00fdch tab\u00fa\u013e, vitr\u00ednov\u00fdch v\u00fdloh alebo pre ozna\u010denie priestorov.<\/p>\n<p>Aplik\u00e1cia samolepiacej pieskovej f\u00f3lie vy\u017eaduje odbornos\u0165 a sk\u00fasenosti. Na\u0161i pracovn\u00edci s\u00fa vy\u0161kolen\u00ed v dvoch technol\u00f3gi\u00e1ch aplik\u00e1cie: &#8220;na mokro&#8221; alebo &#8220;na sucho&#8221;. T\u00fdm zaru\u010dujeme, \u017ee f\u00f3lia bude aplikovan\u00e1 rovnomerne a bez bubliniek, a vytvor\u00ed tak dokonal\u00fd efekt mlie\u010dneho skla.<\/p>\n<p>V\u010faka svojim vlastnostiam a variabiln\u00e9mu vyu\u017eitiu je pieskov\u00e1 f\u00f3lia skvelou vo\u013ebou pre ka\u017ed\u00e9ho, kto h\u013ead\u00e1 efekt\u00edvne rie\u0161enie pre dekor\u00e1ciu sklenen\u00fdch povrchov a ochranu s\u00fakromia.<\/p>\n<p>Ak m\u00e1te ak\u00e9ko\u013evek ot\u00e1zky alebo z\u00e1ujem o na\u0161e produkty, nev\u00e1hajte n\u00e1s kontaktova\u0165 a radi V\u00e1m porad\u00edme.<\/p>\n<p>&nbsp;<\/p>\n<\/div>\n<\/div>\n<\/div>\n<p><strong>Hlavn\u00e1 charakteristika produktu:<\/strong><\/p>\n<ul>\n<li><strong>hr\u00fabka:<\/strong> 80\u00b5<\/li>\n<li><strong>aplik\u00e1cia \/ pou\u017eitie:<\/strong> interi\u00e9r \u2013 exteri\u00e9r<\/li>\n<li><strong>\u017eivotnos\u0165:<\/strong> do 7 rokov<\/li>\n<li><strong>teplotn\u00e1 odolnos\u0165:<\/strong> -30\u00b0C &#8211; 90\u00b0C<\/li>\n<li><strong>pou\u017eitie:<\/strong> rovn\u00e9 povrchy<\/li>\n<li><strong>typ lepidla:<\/strong> \u010d\u00edre, tlakom aktivovan\u00e9, permanentn\u00e9 solventn\u00e9<\/li>\n<li><strong>min. aplika\u010dn\u00e1 teplota:<\/strong> 10\u00b0C<\/li>\n<\/ul>\n","protected":false},"excerpt":{"rendered":"<p>Pieskov\u00e1 f\u00f3lia\/mlie\u010dne sklo je viac\u00fa\u010delovou transparentnou f\u00f3liou s matn\u00fdm povrchom, ktor\u00e1 vytv\u00e1ra kr\u00e1sny efekt mlie\u010dneho skla. T\u00e1to samolepiaca f\u00f3lia je<\/p>\n","protected":false},"featured_media":6971,"template":"","meta":[],"product_brand":[],"product_cat":[101],"product_tag":[],"class_list":{"0":"post-6251","1":"product","2":"type-product","3":"status-publish","4":"has-post-thumbnail","6":"product_cat-material-en","8":"first","9":"instock","10":"taxable","11":"shipping-taxable","12":"purchasable","13":"product-type-simple"},"yoast_head":"<!-- This site is optimized with the Yoast SEO plugin v27.4 - https:\/\/yoast.com\/product\/yoast-seo-wordpress\/ -->\n<title>Frosted glass vinyl - Stikio<\/title>\n<meta name=\"robots\" content=\"index, follow, max-snippet:-1, max-image-preview:large, max-video-preview:-1\" \/>\n<link rel=\"canonical\" href=\"https:\/\/www.stikio.eu\/en\/produkty\/material-en\/frosted-glass-vinyl\/\" \/>\n<meta property=\"og:locale\" content=\"en_US\" \/>\n<meta property=\"og:type\" content=\"article\" \/>\n<meta property=\"og:title\" content=\"Frosted glass vinyl - Stikio\" \/>\n<meta property=\"og:description\" content=\"Pieskov\u00e1 f\u00f3lia\/mlie\u010dne sklo je viac\u00fa\u010delovou transparentnou f\u00f3liou s matn\u00fdm povrchom, ktor\u00e1 vytv\u00e1ra kr\u00e1sny efekt mlie\u010dneho skla. T\u00e1to samolepiaca f\u00f3lia je\" \/>\n<meta property=\"og:url\" content=\"https:\/\/www.stikio.eu\/en\/produkty\/material-en\/frosted-glass-vinyl\/\" \/>\n<meta property=\"og:site_name\" content=\"Stikio\" \/>\n<meta property=\"article:publisher\" content=\"https:\/\/www.facebook.com\/stikio.eu\" \/>\n<meta property=\"article:modified_time\" content=\"2024-08-07T13:25:30+00:00\" \/>\n<meta property=\"og:image\" content=\"https:\/\/www.stikio.eu\/wp-content\/uploads\/2023\/09\/pieskova_folia.jpg\" \/>\n\t<meta property=\"og:image:width\" content=\"800\" \/>\n\t<meta property=\"og:image:height\" content=\"800\" \/>\n\t<meta property=\"og:image:type\" content=\"image\/jpeg\" \/>\n<script type=\"application\/ld+json\" class=\"yoast-schema-graph\">{\"@context\":\"https:\\\/\\\/schema.org\",\"@graph\":[{\"@type\":\"WebPage\",\"@id\":\"https:\\\/\\\/www.stikio.eu\\\/en\\\/produkty\\\/material-en\\\/frosted-glass-vinyl\\\/\",\"url\":\"https:\\\/\\\/www.stikio.eu\\\/en\\\/produkty\\\/material-en\\\/frosted-glass-vinyl\\\/\",\"name\":\"Frosted glass vinyl - Stikio\",\"isPartOf\":{\"@id\":\"https:\\\/\\\/www.stikio.eu\\\/#website\"},\"primaryImageOfPage\":{\"@id\":\"https:\\\/\\\/www.stikio.eu\\\/en\\\/produkty\\\/material-en\\\/frosted-glass-vinyl\\\/#primaryimage\"},\"image\":{\"@id\":\"https:\\\/\\\/www.stikio.eu\\\/en\\\/produkty\\\/material-en\\\/frosted-glass-vinyl\\\/#primaryimage\"},\"thumbnailUrl\":\"https:\\\/\\\/www.stikio.eu\\\/wp-content\\\/uploads\\\/2023\\\/09\\\/pieskova_folia.jpg\",\"datePublished\":\"2023-09-14T12:46:33+00:00\",\"dateModified\":\"2024-08-07T13:25:30+00:00\",\"breadcrumb\":{\"@id\":\"https:\\\/\\\/www.stikio.eu\\\/en\\\/produkty\\\/material-en\\\/frosted-glass-vinyl\\\/#breadcrumb\"},\"inLanguage\":\"en-US\",\"potentialAction\":[{\"@type\":\"ReadAction\",\"target\":[\"https:\\\/\\\/www.stikio.eu\\\/en\\\/produkty\\\/material-en\\\/frosted-glass-vinyl\\\/\"]}]},{\"@type\":\"ImageObject\",\"inLanguage\":\"en-US\",\"@id\":\"https:\\\/\\\/www.stikio.eu\\\/en\\\/produkty\\\/material-en\\\/frosted-glass-vinyl\\\/#primaryimage\",\"url\":\"https:\\\/\\\/www.stikio.eu\\\/wp-content\\\/uploads\\\/2023\\\/09\\\/pieskova_folia.jpg\",\"contentUrl\":\"https:\\\/\\\/www.stikio.eu\\\/wp-content\\\/uploads\\\/2023\\\/09\\\/pieskova_folia.jpg\",\"width\":800,\"height\":800,\"caption\":\"Pieskov\u00e1 f\u00f3lia\"},{\"@type\":\"BreadcrumbList\",\"@id\":\"https:\\\/\\\/www.stikio.eu\\\/en\\\/produkty\\\/material-en\\\/frosted-glass-vinyl\\\/#breadcrumb\",\"itemListElement\":[{\"@type\":\"ListItem\",\"position\":1,\"name\":\"Domov\",\"item\":\"https:\\\/\\\/www.stikio.eu\\\/\"},{\"@type\":\"ListItem\",\"position\":2,\"name\":\"Products\",\"item\":\"https:\\\/\\\/www.stikio.eu\\\/en\\\/products\\\/\"},{\"@type\":\"ListItem\",\"position\":3,\"name\":\"Frosted glass vinyl\"}]},{\"@type\":\"WebSite\",\"@id\":\"https:\\\/\\\/www.stikio.eu\\\/#website\",\"url\":\"https:\\\/\\\/www.stikio.eu\\\/\",\"name\":\"Stikio\",\"description\":\"Specialists in custom-printed stickers\",\"publisher\":{\"@id\":\"https:\\\/\\\/www.stikio.eu\\\/#organization\"},\"potentialAction\":[{\"@type\":\"SearchAction\",\"target\":{\"@type\":\"EntryPoint\",\"urlTemplate\":\"https:\\\/\\\/www.stikio.eu\\\/?s={search_term_string}\"},\"query-input\":{\"@type\":\"PropertyValueSpecification\",\"valueRequired\":true,\"valueName\":\"search_term_string\"}}],\"inLanguage\":\"en-US\"},{\"@type\":\"Organization\",\"@id\":\"https:\\\/\\\/www.stikio.eu\\\/#organization\",\"name\":\"Stikio\",\"url\":\"https:\\\/\\\/www.stikio.eu\\\/\",\"logo\":{\"@type\":\"ImageObject\",\"inLanguage\":\"en-US\",\"@id\":\"https:\\\/\\\/www.stikio.eu\\\/#\\\/schema\\\/logo\\\/image\\\/\",\"url\":\"https:\\\/\\\/www.stikio.eu\\\/wp-content\\\/uploads\\\/2023\\\/02\\\/logo_stikio.svg\",\"contentUrl\":\"https:\\\/\\\/www.stikio.eu\\\/wp-content\\\/uploads\\\/2023\\\/02\\\/logo_stikio.svg\",\"width\":302,\"height\":87,\"caption\":\"Stikio\"},\"image\":{\"@id\":\"https:\\\/\\\/www.stikio.eu\\\/#\\\/schema\\\/logo\\\/image\\\/\"},\"sameAs\":[\"https:\\\/\\\/www.facebook.com\\\/stikio.eu\",\"https:\\\/\\\/www.instagram.com\\\/stikio.eu\\\/\"]}]}<\/script>\n<!-- \/ Yoast SEO plugin. -->","yoast_head_json":{"title":"Frosted glass vinyl - Stikio","robots":{"index":"index","follow":"follow","max-snippet":"max-snippet:-1","max-image-preview":"max-image-preview:large","max-video-preview":"max-video-preview:-1"},"canonical":"https:\/\/www.stikio.eu\/en\/produkty\/material-en\/frosted-glass-vinyl\/","og_locale":"en_US","og_type":"article","og_title":"Frosted glass vinyl - Stikio","og_description":"Pieskov\u00e1 f\u00f3lia\/mlie\u010dne sklo je viac\u00fa\u010delovou transparentnou f\u00f3liou s matn\u00fdm povrchom, ktor\u00e1 vytv\u00e1ra kr\u00e1sny efekt mlie\u010dneho skla. T\u00e1to samolepiaca f\u00f3lia je","og_url":"https:\/\/www.stikio.eu\/en\/produkty\/material-en\/frosted-glass-vinyl\/","og_site_name":"Stikio","article_publisher":"https:\/\/www.facebook.com\/stikio.eu","article_modified_time":"2024-08-07T13:25:30+00:00","og_image":[{"width":800,"height":800,"url":"https:\/\/www.stikio.eu\/wp-content\/uploads\/2023\/09\/pieskova_folia.jpg","type":"image\/jpeg"}],"schema":{"@context":"https:\/\/schema.org","@graph":[{"@type":"WebPage","@id":"https:\/\/www.stikio.eu\/en\/produkty\/material-en\/frosted-glass-vinyl\/","url":"https:\/\/www.stikio.eu\/en\/produkty\/material-en\/frosted-glass-vinyl\/","name":"Frosted glass vinyl - Stikio","isPartOf":{"@id":"https:\/\/www.stikio.eu\/#website"},"primaryImageOfPage":{"@id":"https:\/\/www.stikio.eu\/en\/produkty\/material-en\/frosted-glass-vinyl\/#primaryimage"},"image":{"@id":"https:\/\/www.stikio.eu\/en\/produkty\/material-en\/frosted-glass-vinyl\/#primaryimage"},"thumbnailUrl":"https:\/\/www.stikio.eu\/wp-content\/uploads\/2023\/09\/pieskova_folia.jpg","datePublished":"2023-09-14T12:46:33+00:00","dateModified":"2024-08-07T13:25:30+00:00","breadcrumb":{"@id":"https:\/\/www.stikio.eu\/en\/produkty\/material-en\/frosted-glass-vinyl\/#breadcrumb"},"inLanguage":"en-US","potentialAction":[{"@type":"ReadAction","target":["https:\/\/www.stikio.eu\/en\/produkty\/material-en\/frosted-glass-vinyl\/"]}]},{"@type":"ImageObject","inLanguage":"en-US","@id":"https:\/\/www.stikio.eu\/en\/produkty\/material-en\/frosted-glass-vinyl\/#primaryimage","url":"https:\/\/www.stikio.eu\/wp-content\/uploads\/2023\/09\/pieskova_folia.jpg","contentUrl":"https:\/\/www.stikio.eu\/wp-content\/uploads\/2023\/09\/pieskova_folia.jpg","width":800,"height":800,"caption":"Pieskov\u00e1 f\u00f3lia"},{"@type":"BreadcrumbList","@id":"https:\/\/www.stikio.eu\/en\/produkty\/material-en\/frosted-glass-vinyl\/#breadcrumb","itemListElement":[{"@type":"ListItem","position":1,"name":"Domov","item":"https:\/\/www.stikio.eu\/"},{"@type":"ListItem","position":2,"name":"Products","item":"https:\/\/www.stikio.eu\/en\/products\/"},{"@type":"ListItem","position":3,"name":"Frosted glass vinyl"}]},{"@type":"WebSite","@id":"https:\/\/www.stikio.eu\/#website","url":"https:\/\/www.stikio.eu\/","name":"Stikio","description":"Specialists in custom-printed stickers","publisher":{"@id":"https:\/\/www.stikio.eu\/#organization"},"potentialAction":[{"@type":"SearchAction","target":{"@type":"EntryPoint","urlTemplate":"https:\/\/www.stikio.eu\/?s={search_term_string}"},"query-input":{"@type":"PropertyValueSpecification","valueRequired":true,"valueName":"search_term_string"}}],"inLanguage":"en-US"},{"@type":"Organization","@id":"https:\/\/www.stikio.eu\/#organization","name":"Stikio","url":"https:\/\/www.stikio.eu\/","logo":{"@type":"ImageObject","inLanguage":"en-US","@id":"https:\/\/www.stikio.eu\/#\/schema\/logo\/image\/","url":"https:\/\/www.stikio.eu\/wp-content\/uploads\/2023\/02\/logo_stikio.svg","contentUrl":"https:\/\/www.stikio.eu\/wp-content\/uploads\/2023\/02\/logo_stikio.svg","width":302,"height":87,"caption":"Stikio"},"image":{"@id":"https:\/\/www.stikio.eu\/#\/schema\/logo\/image\/"},"sameAs":["https:\/\/www.facebook.com\/stikio.eu","https:\/\/www.instagram.com\/stikio.eu\/"]}]}},"_links":{"self":[{"href":"https:\/\/www.stikio.eu\/en\/wp-json\/wp\/v2\/product\/6251","targetHints":{"allow":["GET"]}}],"collection":[{"href":"https:\/\/www.stikio.eu\/en\/wp-json\/wp\/v2\/product"}],"about":[{"href":"https:\/\/www.stikio.eu\/en\/wp-json\/wp\/v2\/types\/product"}],"wp:featuredmedia":[{"embeddable":true,"href":"https:\/\/www.stikio.eu\/en\/wp-json\/wp\/v2\/media\/6971"}],"wp:attachment":[{"href":"https:\/\/www.stikio.eu\/en\/wp-json\/wp\/v2\/media?parent=6251"}],"wp:term":[{"taxonomy":"product_brand","embeddable":true,"href":"https:\/\/www.stikio.eu\/en\/wp-json\/wp\/v2\/product_brand?post=6251"},{"taxonomy":"product_cat","embeddable":true,"href":"https:\/\/www.stikio.eu\/en\/wp-json\/wp\/v2\/product_cat?post=6251"},{"taxonomy":"product_tag","embeddable":true,"href":"https:\/\/www.stikio.eu\/en\/wp-json\/wp\/v2\/product_tag?post=6251"}],"curies":[{"name":"wp","href":"https:\/\/api.w.org\/{rel}","templated":true}]}}