{"id":6241,"date":"2023-09-14T14:48:05","date_gmt":"2023-09-14T12:48:05","guid":{"rendered":"https:\/\/www.stikio.eu\/produkty\/uncategorized\/metalicka-strieborna-folia\/"},"modified":"2024-08-07T15:16:57","modified_gmt":"2024-08-07T13:16:57","slug":"metallic-silver-foil","status":"publish","type":"product","link":"https:\/\/www.stikio.eu\/en\/produkty\/material-en\/metallic-silver-foil\/","title":{"rendered":"Metallic silver foil"},"content":{"rendered":"<p>Metalick\u00e1 strieborn\u00e1 f\u00f3lia s vlastnou potla\u010dou prinesie va\u0161im produktom nezamenite\u013en\u00fd lesk a jedine\u010dn\u00fd vizu\u00e1lny dojem. Metalick\u00e1 f\u00f3lia je ide\u00e1lna pre vytv\u00e1ranie \u0161t\u00fdlov\u00fdch etikiet, samolepiek na f\u013ea\u0161e, ozna\u010dovanie produktov a \u010fal\u0161\u00edch kreat\u00edvnych aplik\u00e1ci\u00ed.<\/p>\n<p>S na\u0161imi modern\u00fdmi tla\u010dov\u00fdmi technol\u00f3giami m\u00f4\u017eeme pretavi\u0165 v\u00e1\u0161 n\u00e1pad, log\u00e1, texty a obr\u00e1zky na realitu a doda\u0165 va\u0161im produktom jedine\u010dn\u00fd vzh\u013ead.<\/p>\n<p>Nez\u00e1le\u017e\u00ed na tom, \u010di vytv\u00e1rate vlastn\u00fa zna\u010dku, uv\u00e1dzate nov\u00fd produkt na trh alebo chcete osvie\u017ei\u0165 vzh\u013ead existuj\u00facich produktov &#8211; na\u0161a metalick\u00e1 strieborn\u00e1 f\u00f3lia dod\u00e1 \u0161mrnc ka\u017ed\u00e9mu v\u00fdrobku. Pou\u017ei\u0165 ju m\u00f4\u017ete pre r\u00f4zne odvetvia, vr\u00e1tane handmade produktov, potravin\u00e1rstva, n\u00e1pojov\u00e9ho priemyslu, kozmetiky a mnoh\u00fdch \u010fal\u0161\u00edch.<\/p>\n<p>Navy\u0161e s\u00fa odoln\u00e9 vo\u010di vlhkosti, oderom a in\u00fdm vonkaj\u0161\u00edm vplyvom. \u010co zabezpe\u010duje ich dlh\u00fa \u017eivotnos\u0165 a zachov\u00e1va bezchybn\u00fd vzh\u013ead aj pri r\u00f4znych podmienkach. Z\u00edskate nielen esteticky pr\u00edjemn\u00fd dizajn, ale aj funk\u010dnos\u0165, na ktor\u00fa sa m\u00f4\u017eete spo\u013eahn\u00fa\u0165.<\/p>\n<p>Vyu\u017eite na\u0161u metalick\u00fa f\u00f3liu na zv\u00fd\u0161enie hodnoty a exkluzivity va\u0161ich v\u00fdrobkov. \u010ci u\u017e ide o limitovan\u00fa ed\u00edciu, \u0161peci\u00e1lnu akciu alebo jednoducho o vytvorenie luxusn\u00e9ho vzh\u013eadu.<\/p>\n<p>Nechajte svoje produkty vynika\u0165 medzi ostatn\u00fdmi &#8211; investujte do na\u0161ich metalick\u00fdch zlat\u00fdch f\u00f3li\u00ed s vlastnou potla\u010dou. Prineste svojej zna\u010dke \u00farove\u0148 elegancie a originality, ktor\u00fa si zasluhuje.<\/p>\n<p>Sme tu, aby sme v\u00e1m pomohli doda\u0165 va\u0161im produktom ten spr\u00e1vny lesk a presved\u010di\u0165 z\u00e1kazn\u00edkov o ich jedine\u010dnosti. Osvie\u017ete svoju zna\u010dku a investujte do kvality, ktor\u00e1 oslov\u00ed a nadchne va\u0161ich z\u00e1kazn\u00edkov.<\/p>\n<p>Pozrite aj alternat\u00edvny produkt <strong><a class=\"row-title\" href=\"https:\/\/www.stikio.eu\/produkty\/pouzitie\/sklo\/metalicka-zlata-folia\/\">Metalick\u00e1 zlat\u00e1 f\u00f3lia<\/a>.<\/strong><\/p>\n","protected":false},"excerpt":{"rendered":"<p>Metalick\u00e1 strieborn\u00e1 f\u00f3lia s vlastnou potla\u010dou prinesie va\u0161im produktom nezamenite\u013en\u00fd lesk a jedine\u010dn\u00fd vizu\u00e1lny dojem. Metalick\u00e1 f\u00f3lia je ide\u00e1lna pre<\/p>\n","protected":false},"featured_media":4836,"template":"","meta":[],"product_brand":[],"product_cat":[101],"product_tag":[],"class_list":{"0":"post-6241","1":"product","2":"type-product","3":"status-publish","4":"has-post-thumbnail","6":"product_cat-material-en","8":"first","9":"instock","10":"taxable","11":"shipping-taxable","12":"purchasable","13":"product-type-simple"},"yoast_head":"<!-- This site is optimized with the Yoast SEO plugin v27.4 - https:\/\/yoast.com\/product\/yoast-seo-wordpress\/ -->\n<title>Metallic silver foil - Stikio<\/title>\n<meta name=\"robots\" content=\"index, follow, max-snippet:-1, max-image-preview:large, max-video-preview:-1\" \/>\n<link rel=\"canonical\" href=\"https:\/\/www.stikio.eu\/en\/produkty\/material-en\/metallic-silver-foil\/\" \/>\n<meta property=\"og:locale\" content=\"en_US\" \/>\n<meta property=\"og:type\" content=\"article\" \/>\n<meta property=\"og:title\" content=\"Metallic silver foil - Stikio\" \/>\n<meta property=\"og:description\" content=\"Metalick\u00e1 strieborn\u00e1 f\u00f3lia s vlastnou potla\u010dou prinesie va\u0161im produktom nezamenite\u013en\u00fd lesk a jedine\u010dn\u00fd vizu\u00e1lny dojem. Metalick\u00e1 f\u00f3lia je ide\u00e1lna pre\" \/>\n<meta property=\"og:url\" content=\"https:\/\/www.stikio.eu\/en\/produkty\/material-en\/metallic-silver-foil\/\" \/>\n<meta property=\"og:site_name\" content=\"Stikio\" \/>\n<meta property=\"article:publisher\" content=\"https:\/\/www.facebook.com\/stikio.eu\" \/>\n<meta property=\"article:modified_time\" content=\"2024-08-07T13:16:57+00:00\" \/>\n<meta property=\"og:image\" content=\"https:\/\/www.stikio.eu\/wp-content\/uploads\/2023\/11\/metalicka_strieborna_folia.jpg\" \/>\n\t<meta property=\"og:image:width\" content=\"800\" \/>\n\t<meta property=\"og:image:height\" content=\"800\" \/>\n\t<meta property=\"og:image:type\" content=\"image\/jpeg\" \/>\n<script type=\"application\/ld+json\" class=\"yoast-schema-graph\">{\"@context\":\"https:\\\/\\\/schema.org\",\"@graph\":[{\"@type\":\"WebPage\",\"@id\":\"https:\\\/\\\/www.stikio.eu\\\/en\\\/produkty\\\/material-en\\\/metallic-silver-foil\\\/\",\"url\":\"https:\\\/\\\/www.stikio.eu\\\/en\\\/produkty\\\/material-en\\\/metallic-silver-foil\\\/\",\"name\":\"Metallic silver foil - Stikio\",\"isPartOf\":{\"@id\":\"https:\\\/\\\/www.stikio.eu\\\/#website\"},\"primaryImageOfPage\":{\"@id\":\"https:\\\/\\\/www.stikio.eu\\\/en\\\/produkty\\\/material-en\\\/metallic-silver-foil\\\/#primaryimage\"},\"image\":{\"@id\":\"https:\\\/\\\/www.stikio.eu\\\/en\\\/produkty\\\/material-en\\\/metallic-silver-foil\\\/#primaryimage\"},\"thumbnailUrl\":\"https:\\\/\\\/www.stikio.eu\\\/wp-content\\\/uploads\\\/2023\\\/11\\\/metalicka_strieborna_folia.jpg\",\"datePublished\":\"2023-09-14T12:48:05+00:00\",\"dateModified\":\"2024-08-07T13:16:57+00:00\",\"breadcrumb\":{\"@id\":\"https:\\\/\\\/www.stikio.eu\\\/en\\\/produkty\\\/material-en\\\/metallic-silver-foil\\\/#breadcrumb\"},\"inLanguage\":\"en-US\",\"potentialAction\":[{\"@type\":\"ReadAction\",\"target\":[\"https:\\\/\\\/www.stikio.eu\\\/en\\\/produkty\\\/material-en\\\/metallic-silver-foil\\\/\"]}]},{\"@type\":\"ImageObject\",\"inLanguage\":\"en-US\",\"@id\":\"https:\\\/\\\/www.stikio.eu\\\/en\\\/produkty\\\/material-en\\\/metallic-silver-foil\\\/#primaryimage\",\"url\":\"https:\\\/\\\/www.stikio.eu\\\/wp-content\\\/uploads\\\/2023\\\/11\\\/metalicka_strieborna_folia.jpg\",\"contentUrl\":\"https:\\\/\\\/www.stikio.eu\\\/wp-content\\\/uploads\\\/2023\\\/11\\\/metalicka_strieborna_folia.jpg\",\"width\":800,\"height\":800,\"caption\":\"Metalick\u00e1 strieborn\u00e1 f\u00f3lia\"},{\"@type\":\"BreadcrumbList\",\"@id\":\"https:\\\/\\\/www.stikio.eu\\\/en\\\/produkty\\\/material-en\\\/metallic-silver-foil\\\/#breadcrumb\",\"itemListElement\":[{\"@type\":\"ListItem\",\"position\":1,\"name\":\"Domov\",\"item\":\"https:\\\/\\\/www.stikio.eu\\\/\"},{\"@type\":\"ListItem\",\"position\":2,\"name\":\"Products\",\"item\":\"https:\\\/\\\/www.stikio.eu\\\/en\\\/products\\\/\"},{\"@type\":\"ListItem\",\"position\":3,\"name\":\"Metallic silver foil\"}]},{\"@type\":\"WebSite\",\"@id\":\"https:\\\/\\\/www.stikio.eu\\\/#website\",\"url\":\"https:\\\/\\\/www.stikio.eu\\\/\",\"name\":\"Stikio\",\"description\":\"Specialists in custom-printed stickers\",\"publisher\":{\"@id\":\"https:\\\/\\\/www.stikio.eu\\\/#organization\"},\"potentialAction\":[{\"@type\":\"SearchAction\",\"target\":{\"@type\":\"EntryPoint\",\"urlTemplate\":\"https:\\\/\\\/www.stikio.eu\\\/?s={search_term_string}\"},\"query-input\":{\"@type\":\"PropertyValueSpecification\",\"valueRequired\":true,\"valueName\":\"search_term_string\"}}],\"inLanguage\":\"en-US\"},{\"@type\":\"Organization\",\"@id\":\"https:\\\/\\\/www.stikio.eu\\\/#organization\",\"name\":\"Stikio\",\"url\":\"https:\\\/\\\/www.stikio.eu\\\/\",\"logo\":{\"@type\":\"ImageObject\",\"inLanguage\":\"en-US\",\"@id\":\"https:\\\/\\\/www.stikio.eu\\\/#\\\/schema\\\/logo\\\/image\\\/\",\"url\":\"https:\\\/\\\/www.stikio.eu\\\/wp-content\\\/uploads\\\/2023\\\/02\\\/logo_stikio.svg\",\"contentUrl\":\"https:\\\/\\\/www.stikio.eu\\\/wp-content\\\/uploads\\\/2023\\\/02\\\/logo_stikio.svg\",\"width\":302,\"height\":87,\"caption\":\"Stikio\"},\"image\":{\"@id\":\"https:\\\/\\\/www.stikio.eu\\\/#\\\/schema\\\/logo\\\/image\\\/\"},\"sameAs\":[\"https:\\\/\\\/www.facebook.com\\\/stikio.eu\",\"https:\\\/\\\/www.instagram.com\\\/stikio.eu\\\/\"]}]}<\/script>\n<!-- \/ Yoast SEO plugin. -->","yoast_head_json":{"title":"Metallic silver foil - Stikio","robots":{"index":"index","follow":"follow","max-snippet":"max-snippet:-1","max-image-preview":"max-image-preview:large","max-video-preview":"max-video-preview:-1"},"canonical":"https:\/\/www.stikio.eu\/en\/produkty\/material-en\/metallic-silver-foil\/","og_locale":"en_US","og_type":"article","og_title":"Metallic silver foil - Stikio","og_description":"Metalick\u00e1 strieborn\u00e1 f\u00f3lia s vlastnou potla\u010dou prinesie va\u0161im produktom nezamenite\u013en\u00fd lesk a jedine\u010dn\u00fd vizu\u00e1lny dojem. Metalick\u00e1 f\u00f3lia je ide\u00e1lna pre","og_url":"https:\/\/www.stikio.eu\/en\/produkty\/material-en\/metallic-silver-foil\/","og_site_name":"Stikio","article_publisher":"https:\/\/www.facebook.com\/stikio.eu","article_modified_time":"2024-08-07T13:16:57+00:00","og_image":[{"width":800,"height":800,"url":"https:\/\/www.stikio.eu\/wp-content\/uploads\/2023\/11\/metalicka_strieborna_folia.jpg","type":"image\/jpeg"}],"schema":{"@context":"https:\/\/schema.org","@graph":[{"@type":"WebPage","@id":"https:\/\/www.stikio.eu\/en\/produkty\/material-en\/metallic-silver-foil\/","url":"https:\/\/www.stikio.eu\/en\/produkty\/material-en\/metallic-silver-foil\/","name":"Metallic silver foil - Stikio","isPartOf":{"@id":"https:\/\/www.stikio.eu\/#website"},"primaryImageOfPage":{"@id":"https:\/\/www.stikio.eu\/en\/produkty\/material-en\/metallic-silver-foil\/#primaryimage"},"image":{"@id":"https:\/\/www.stikio.eu\/en\/produkty\/material-en\/metallic-silver-foil\/#primaryimage"},"thumbnailUrl":"https:\/\/www.stikio.eu\/wp-content\/uploads\/2023\/11\/metalicka_strieborna_folia.jpg","datePublished":"2023-09-14T12:48:05+00:00","dateModified":"2024-08-07T13:16:57+00:00","breadcrumb":{"@id":"https:\/\/www.stikio.eu\/en\/produkty\/material-en\/metallic-silver-foil\/#breadcrumb"},"inLanguage":"en-US","potentialAction":[{"@type":"ReadAction","target":["https:\/\/www.stikio.eu\/en\/produkty\/material-en\/metallic-silver-foil\/"]}]},{"@type":"ImageObject","inLanguage":"en-US","@id":"https:\/\/www.stikio.eu\/en\/produkty\/material-en\/metallic-silver-foil\/#primaryimage","url":"https:\/\/www.stikio.eu\/wp-content\/uploads\/2023\/11\/metalicka_strieborna_folia.jpg","contentUrl":"https:\/\/www.stikio.eu\/wp-content\/uploads\/2023\/11\/metalicka_strieborna_folia.jpg","width":800,"height":800,"caption":"Metalick\u00e1 strieborn\u00e1 f\u00f3lia"},{"@type":"BreadcrumbList","@id":"https:\/\/www.stikio.eu\/en\/produkty\/material-en\/metallic-silver-foil\/#breadcrumb","itemListElement":[{"@type":"ListItem","position":1,"name":"Domov","item":"https:\/\/www.stikio.eu\/"},{"@type":"ListItem","position":2,"name":"Products","item":"https:\/\/www.stikio.eu\/en\/products\/"},{"@type":"ListItem","position":3,"name":"Metallic silver foil"}]},{"@type":"WebSite","@id":"https:\/\/www.stikio.eu\/#website","url":"https:\/\/www.stikio.eu\/","name":"Stikio","description":"Specialists in custom-printed stickers","publisher":{"@id":"https:\/\/www.stikio.eu\/#organization"},"potentialAction":[{"@type":"SearchAction","target":{"@type":"EntryPoint","urlTemplate":"https:\/\/www.stikio.eu\/?s={search_term_string}"},"query-input":{"@type":"PropertyValueSpecification","valueRequired":true,"valueName":"search_term_string"}}],"inLanguage":"en-US"},{"@type":"Organization","@id":"https:\/\/www.stikio.eu\/#organization","name":"Stikio","url":"https:\/\/www.stikio.eu\/","logo":{"@type":"ImageObject","inLanguage":"en-US","@id":"https:\/\/www.stikio.eu\/#\/schema\/logo\/image\/","url":"https:\/\/www.stikio.eu\/wp-content\/uploads\/2023\/02\/logo_stikio.svg","contentUrl":"https:\/\/www.stikio.eu\/wp-content\/uploads\/2023\/02\/logo_stikio.svg","width":302,"height":87,"caption":"Stikio"},"image":{"@id":"https:\/\/www.stikio.eu\/#\/schema\/logo\/image\/"},"sameAs":["https:\/\/www.facebook.com\/stikio.eu","https:\/\/www.instagram.com\/stikio.eu\/"]}]}},"_links":{"self":[{"href":"https:\/\/www.stikio.eu\/en\/wp-json\/wp\/v2\/product\/6241","targetHints":{"allow":["GET"]}}],"collection":[{"href":"https:\/\/www.stikio.eu\/en\/wp-json\/wp\/v2\/product"}],"about":[{"href":"https:\/\/www.stikio.eu\/en\/wp-json\/wp\/v2\/types\/product"}],"wp:featuredmedia":[{"embeddable":true,"href":"https:\/\/www.stikio.eu\/en\/wp-json\/wp\/v2\/media\/4836"}],"wp:attachment":[{"href":"https:\/\/www.stikio.eu\/en\/wp-json\/wp\/v2\/media?parent=6241"}],"wp:term":[{"taxonomy":"product_brand","embeddable":true,"href":"https:\/\/www.stikio.eu\/en\/wp-json\/wp\/v2\/product_brand?post=6241"},{"taxonomy":"product_cat","embeddable":true,"href":"https:\/\/www.stikio.eu\/en\/wp-json\/wp\/v2\/product_cat?post=6241"},{"taxonomy":"product_tag","embeddable":true,"href":"https:\/\/www.stikio.eu\/en\/wp-json\/wp\/v2\/product_tag?post=6241"}],"curies":[{"name":"wp","href":"https:\/\/api.w.org\/{rel}","templated":true}]}}