{"id":5904,"date":"2023-07-14T14:20:25","date_gmt":"2023-07-14T12:20:25","guid":{"rendered":"https:\/\/www.stikio.eu\/produkty\/uncategorized\/white-foil-with-print\/"},"modified":"2024-08-07T15:30:10","modified_gmt":"2024-08-07T13:30:10","slug":"white-vinyl-with-print","status":"publish","type":"product","link":"https:\/\/www.stikio.eu\/en\/produkty\/material-en\/white-vinyl-with-print\/","title":{"rendered":"White vinyl with print"},"content":{"rendered":"<h4><strong>\u00a03-RO\u010cN\u00c1 monomerick\u00e1 samolepiaca f\u00f3lia biela s potla\u010dou<\/strong><\/h4>\n<p>Samolepiaca f\u00f3lia biela s potla\u010dou je ur\u010den\u00e1 na polep do interi\u00e9ru alebo exteri\u00e9ru, na rovn\u00e9 viac rozmern\u00e9 povrchy. V\u00fdhodou monomerick\u00fdch f\u00f3li\u00ed je najm\u00e4 odolnos\u0165 vo\u010di UV \u017eiareniu tie\u017e s\u00fa vode odoln\u00e9 a \u013eahko sa um\u00fdvaj\u00fa.<strong><br \/>\n<\/strong><\/p>\n<ul>\n<li>\n<ul>\n<li><strong>hr\u00fabka:<\/strong> 95\u00b5<\/li>\n<li><strong>aplik\u00e1cia \/ pou\u017eitie:<\/strong>\u00a0interi\u00e9r \u2013 exteri\u00e9r<\/li>\n<li><strong>\u017eivotnos\u0165:<\/strong> min. 3 roky<\/li>\n<li><strong>farebn\u00e1 st\u00e1los\u0165:<\/strong>\u00a0do 2 rokov<\/li>\n<li><strong>teplotn\u00e1 odolnos\u0165:<\/strong>\u00a0 -40\u00b0C a\u017e 85 \u00b0C<\/li>\n<li><strong>pou\u017eitie:<\/strong> rovn\u00e9 povrchy<\/li>\n<li><strong>min. aplika\u010dn\u00e1 teplota:<\/strong> 10\u00b0C<\/li>\n<li><strong>aplik\u00e1cia:<\/strong> polep v\u00fdkladov, jednoduch\u00fd polep \u00e1ut, dod\u00e1vok a kami\u00f3nov, polep rovn\u00fdch pl\u00f4ch, polep PVC tabul\u00ed, dver\u00ed, polep sklen\u00fdch pl\u00f4ch v kancel\u00e1ri\u00e1ch.<\/li>\n<\/ul>\n<\/li>\n<\/ul>\n<p>&nbsp;<\/p>\n<h4><strong>7-RO\u010cN\u00c1 polymerick\u00e1 samolepiaca f\u00f3lia biela s potla\u010dou<\/strong><\/h4>\n<p>Polymerick\u00e1 biela f\u00f3lia je ur\u010den\u00e1 na kr\u00e1tkodobej\u0161ie, ale aj dlhodobej\u0161ie pou\u017eitie do interi\u00e9ru \u010di exteri\u00e9ru. Samolepiaca f\u00f3lia 7- ro\u010dn\u00e1 m\u00e1 \u0161ed\u00e9 permanentn\u00e9 lepidlo, ktor\u00e9 svojimi vlastnos\u0165ami zabezpe\u010duje nepriesvitnos\u0165 f\u00f3lie. \u0160ed\u00e9 permanentn\u00e9 lepidlo je nov\u00fd typ lepidla, ktor\u00e9 vykazuje ve\u013emi dobr\u00e9 vlastnosti aj\u00a0 pri n\u00edzkych teplot\u00e1ch. Prednos\u0165ou tejto f\u00f3lie je najm\u00e4 krycia schopnos\u0165 spodnej vrstvy.<\/p>\n<ul>\n<li>\n<ul>\n<li><strong>hr\u00fabka:<\/strong> 70\u00b5<\/li>\n<li><strong>typ lepidla:<\/strong> kan\u00e1likov\u00e9 \u0161ed\u00e9 lepidlo<\/li>\n<li><strong>aplik\u00e1cia \/ pou\u017eitie:<\/strong>\u00a0interi\u00e9r \u2013 exteri\u00e9r<\/li>\n<li><strong>\u017eivotnos\u0165:<\/strong> do 7 rokov<\/li>\n<li><strong>farebn\u00e1 st\u00e1los\u0165:<\/strong>\u00a0do 2 rokov<\/li>\n<li><strong>teplotn\u00e1 odolnos\u0165:<\/strong>\u00a0 -30\u00b0C a\u017e 90\u00b0C<\/li>\n<li><strong>pou\u017eitie:<\/strong> rovn\u00e9 povrchy, mierne zakriven\u00e9 povrchy<\/li>\n<li><strong>min. aplika\u010dn\u00e1 teplota:<\/strong> 10\u00b0C<\/li>\n<li><strong>aplik\u00e1cia:<\/strong>\u00a0 na polep zaoblen\u00fdch povrchov, stredne zlo\u017eit\u00fd polep automobilov, polep v\u00fdkladov, samolepky s po\u017eiadavkami na dlh\u0161iu \u017eivotnos\u0165.<\/li>\n<\/ul>\n<\/li>\n<\/ul>\n<p>&nbsp;<\/p>\n<h4><strong>10-RO\u010cN\u00c1 liata samolepiaca f\u00f3lia biela s potla\u010dou<\/strong><\/h4>\n<p>liata biela samolepiaca f\u00f3lia patr\u00ed medzi najkvalitnej\u0161ie f\u00f3lie na trhu, ur\u010den\u00e9 na dlhodob\u00e9 aplik\u00e1cie. Liata samolepiaca f\u00f3lia obsahuje \u0161peci\u00e1lne plastifik\u00e1tory a UV stabiliz\u00e1tory, ktor\u00e9 zaru\u010duj\u00fa dlhodob\u00fa exteri\u00e9rov\u00fa \u017eivotnos\u0165. Produkt je vyroben\u00fd technol\u00f3giou \u201cPerfect Apply\u201d, tzn. technol\u00f3gia pre u\u013eah\u010denie aplik\u00e1cie f\u00f3lie bez vzduchov\u00fdch bubl\u00edn. 10- ro\u010dn\u00e1 liata f\u00f3lia obsahuje taktie\u017e \u0161ed\u00e9 lepidlo, ktor\u00e9 rovnak\u00fdm sp\u00f4sobom zabezpe\u010duje v\u00fdborn\u00fa neprieh\u013eadnos\u0165.<\/p>\n<ul>\n<li>\n<ul>\n<li><strong>hr\u00fabka:<\/strong> 50\u00b5<\/li>\n<li><strong>typ lepidla:<\/strong> kan\u00e1likov\u00e9 \u0161ed\u00e9 lepidlo<\/li>\n<li><strong>aplik\u00e1cia \/ pou\u017eitie:<\/strong>\u00a0interi\u00e9r \u2013 exteri\u00e9r<\/li>\n<li><strong>\u017eivotnos\u0165:<\/strong> do 10 rokov<\/li>\n<li><strong>farebn\u00e1 st\u00e1los\u0165:<\/strong> do 2 rokov<\/li>\n<li><strong>teplotn\u00e1 odolnos\u0165:<\/strong>\u00a0 -30\u00b0C a\u017e 90\u00b0C<\/li>\n<li><strong>pou\u017eitie:<\/strong> rovn\u00e9 povrchy, zakriven\u00e9 povrchy, nity<\/li>\n<li><strong>min. aplika\u010dn\u00e1 teplota:<\/strong> 15\u00b0C<\/li>\n<li><strong>aplik\u00e1cia:<\/strong>\u00a0 na polep najzlo\u017eitej\u0161\u00edch 3D zaoblen\u00fdch povrchov (celo polep \u00e1ut, sp\u00e4tn\u00e9 zrkadlo, nity, prelisy, zhyby a pod.)<\/li>\n<\/ul>\n<\/li>\n<\/ul>\n<p>&nbsp;<\/p>\n<ul>\n<li><strong>Aplik\u00e1cia UV lamin\u00e1cie<\/strong><br \/>\nlamin\u00e1cia chr\u00e1ni grafiku pred <strong>po\u0161kriaban\u00edm<\/strong> a s\u00fa\u010dasne pred\u013a\u017ei <strong>\u017eivotnos\u0165 <\/strong>a aj farebn\u00fa st\u00e1los\u0165 samolepiacej f\u00f3lie takmer dvojn\u00e1sobne.<\/li>\n<\/ul>\n","protected":false},"excerpt":{"rendered":"<p>\u00a03-RO\u010cN\u00c1 monomerick\u00e1 samolepiaca f\u00f3lia biela s potla\u010dou Samolepiaca f\u00f3lia biela s potla\u010dou je ur\u010den\u00e1 na polep do interi\u00e9ru alebo exteri\u00e9ru,<\/p>\n","protected":false},"featured_media":4833,"template":"","meta":[],"product_brand":[],"product_cat":[101],"product_tag":[],"class_list":{"0":"post-5904","1":"product","2":"type-product","3":"status-publish","4":"has-post-thumbnail","6":"product_cat-material-en","8":"first","9":"instock","10":"taxable","11":"shipping-taxable","12":"purchasable","13":"product-type-simple"},"yoast_head":"<!-- This site is optimized with the Yoast SEO plugin v27.4 - https:\/\/yoast.com\/product\/yoast-seo-wordpress\/ -->\n<title>White vinyl with print - Stikio<\/title>\n<meta name=\"robots\" content=\"index, follow, max-snippet:-1, max-image-preview:large, max-video-preview:-1\" \/>\n<link rel=\"canonical\" href=\"https:\/\/www.stikio.eu\/en\/produkty\/material-en\/white-vinyl-with-print\/\" \/>\n<meta property=\"og:locale\" content=\"en_US\" \/>\n<meta property=\"og:type\" content=\"article\" \/>\n<meta property=\"og:title\" content=\"White vinyl with print - Stikio\" \/>\n<meta property=\"og:description\" content=\"\u00a03-RO\u010cN\u00c1 monomerick\u00e1 samolepiaca f\u00f3lia biela s potla\u010dou Samolepiaca f\u00f3lia biela s potla\u010dou je ur\u010den\u00e1 na polep do interi\u00e9ru alebo exteri\u00e9ru,\" \/>\n<meta property=\"og:url\" content=\"https:\/\/www.stikio.eu\/en\/produkty\/material-en\/white-vinyl-with-print\/\" \/>\n<meta property=\"og:site_name\" content=\"Stikio\" \/>\n<meta property=\"article:publisher\" content=\"https:\/\/www.facebook.com\/stikio.eu\" \/>\n<meta property=\"article:modified_time\" content=\"2024-08-07T13:30:10+00:00\" \/>\n<meta property=\"og:image\" content=\"https:\/\/www.stikio.eu\/wp-content\/uploads\/2023\/11\/folia_biela_s_potlacou.jpg\" \/>\n\t<meta property=\"og:image:width\" content=\"800\" \/>\n\t<meta property=\"og:image:height\" content=\"800\" \/>\n\t<meta property=\"og:image:type\" content=\"image\/jpeg\" \/>\n<script type=\"application\/ld+json\" class=\"yoast-schema-graph\">{\"@context\":\"https:\\\/\\\/schema.org\",\"@graph\":[{\"@type\":\"WebPage\",\"@id\":\"https:\\\/\\\/www.stikio.eu\\\/en\\\/produkty\\\/material-en\\\/white-vinyl-with-print\\\/\",\"url\":\"https:\\\/\\\/www.stikio.eu\\\/en\\\/produkty\\\/material-en\\\/white-vinyl-with-print\\\/\",\"name\":\"White vinyl with print - Stikio\",\"isPartOf\":{\"@id\":\"https:\\\/\\\/www.stikio.eu\\\/#website\"},\"primaryImageOfPage\":{\"@id\":\"https:\\\/\\\/www.stikio.eu\\\/en\\\/produkty\\\/material-en\\\/white-vinyl-with-print\\\/#primaryimage\"},\"image\":{\"@id\":\"https:\\\/\\\/www.stikio.eu\\\/en\\\/produkty\\\/material-en\\\/white-vinyl-with-print\\\/#primaryimage\"},\"thumbnailUrl\":\"https:\\\/\\\/www.stikio.eu\\\/wp-content\\\/uploads\\\/2023\\\/11\\\/folia_biela_s_potlacou.jpg\",\"datePublished\":\"2023-07-14T12:20:25+00:00\",\"dateModified\":\"2024-08-07T13:30:10+00:00\",\"breadcrumb\":{\"@id\":\"https:\\\/\\\/www.stikio.eu\\\/en\\\/produkty\\\/material-en\\\/white-vinyl-with-print\\\/#breadcrumb\"},\"inLanguage\":\"en-US\",\"potentialAction\":[{\"@type\":\"ReadAction\",\"target\":[\"https:\\\/\\\/www.stikio.eu\\\/en\\\/produkty\\\/material-en\\\/white-vinyl-with-print\\\/\"]}]},{\"@type\":\"ImageObject\",\"inLanguage\":\"en-US\",\"@id\":\"https:\\\/\\\/www.stikio.eu\\\/en\\\/produkty\\\/material-en\\\/white-vinyl-with-print\\\/#primaryimage\",\"url\":\"https:\\\/\\\/www.stikio.eu\\\/wp-content\\\/uploads\\\/2023\\\/11\\\/folia_biela_s_potlacou.jpg\",\"contentUrl\":\"https:\\\/\\\/www.stikio.eu\\\/wp-content\\\/uploads\\\/2023\\\/11\\\/folia_biela_s_potlacou.jpg\",\"width\":800,\"height\":800,\"caption\":\"F\u00f3lia biela s potla\u010dou\"},{\"@type\":\"BreadcrumbList\",\"@id\":\"https:\\\/\\\/www.stikio.eu\\\/en\\\/produkty\\\/material-en\\\/white-vinyl-with-print\\\/#breadcrumb\",\"itemListElement\":[{\"@type\":\"ListItem\",\"position\":1,\"name\":\"Domov\",\"item\":\"https:\\\/\\\/www.stikio.eu\\\/\"},{\"@type\":\"ListItem\",\"position\":2,\"name\":\"Products\",\"item\":\"https:\\\/\\\/www.stikio.eu\\\/en\\\/products\\\/\"},{\"@type\":\"ListItem\",\"position\":3,\"name\":\"White vinyl with print\"}]},{\"@type\":\"WebSite\",\"@id\":\"https:\\\/\\\/www.stikio.eu\\\/#website\",\"url\":\"https:\\\/\\\/www.stikio.eu\\\/\",\"name\":\"Stikio\",\"description\":\"Specialists in custom-printed stickers\",\"publisher\":{\"@id\":\"https:\\\/\\\/www.stikio.eu\\\/#organization\"},\"potentialAction\":[{\"@type\":\"SearchAction\",\"target\":{\"@type\":\"EntryPoint\",\"urlTemplate\":\"https:\\\/\\\/www.stikio.eu\\\/?s={search_term_string}\"},\"query-input\":{\"@type\":\"PropertyValueSpecification\",\"valueRequired\":true,\"valueName\":\"search_term_string\"}}],\"inLanguage\":\"en-US\"},{\"@type\":\"Organization\",\"@id\":\"https:\\\/\\\/www.stikio.eu\\\/#organization\",\"name\":\"Stikio\",\"url\":\"https:\\\/\\\/www.stikio.eu\\\/\",\"logo\":{\"@type\":\"ImageObject\",\"inLanguage\":\"en-US\",\"@id\":\"https:\\\/\\\/www.stikio.eu\\\/#\\\/schema\\\/logo\\\/image\\\/\",\"url\":\"https:\\\/\\\/www.stikio.eu\\\/wp-content\\\/uploads\\\/2023\\\/02\\\/logo_stikio.svg\",\"contentUrl\":\"https:\\\/\\\/www.stikio.eu\\\/wp-content\\\/uploads\\\/2023\\\/02\\\/logo_stikio.svg\",\"width\":302,\"height\":87,\"caption\":\"Stikio\"},\"image\":{\"@id\":\"https:\\\/\\\/www.stikio.eu\\\/#\\\/schema\\\/logo\\\/image\\\/\"},\"sameAs\":[\"https:\\\/\\\/www.facebook.com\\\/stikio.eu\",\"https:\\\/\\\/www.instagram.com\\\/stikio.eu\\\/\"]}]}<\/script>\n<!-- \/ Yoast SEO plugin. -->","yoast_head_json":{"title":"White vinyl with print - Stikio","robots":{"index":"index","follow":"follow","max-snippet":"max-snippet:-1","max-image-preview":"max-image-preview:large","max-video-preview":"max-video-preview:-1"},"canonical":"https:\/\/www.stikio.eu\/en\/produkty\/material-en\/white-vinyl-with-print\/","og_locale":"en_US","og_type":"article","og_title":"White vinyl with print - Stikio","og_description":"\u00a03-RO\u010cN\u00c1 monomerick\u00e1 samolepiaca f\u00f3lia biela s potla\u010dou Samolepiaca f\u00f3lia biela s potla\u010dou je ur\u010den\u00e1 na polep do interi\u00e9ru alebo exteri\u00e9ru,","og_url":"https:\/\/www.stikio.eu\/en\/produkty\/material-en\/white-vinyl-with-print\/","og_site_name":"Stikio","article_publisher":"https:\/\/www.facebook.com\/stikio.eu","article_modified_time":"2024-08-07T13:30:10+00:00","og_image":[{"width":800,"height":800,"url":"https:\/\/www.stikio.eu\/wp-content\/uploads\/2023\/11\/folia_biela_s_potlacou.jpg","type":"image\/jpeg"}],"schema":{"@context":"https:\/\/schema.org","@graph":[{"@type":"WebPage","@id":"https:\/\/www.stikio.eu\/en\/produkty\/material-en\/white-vinyl-with-print\/","url":"https:\/\/www.stikio.eu\/en\/produkty\/material-en\/white-vinyl-with-print\/","name":"White vinyl with print - Stikio","isPartOf":{"@id":"https:\/\/www.stikio.eu\/#website"},"primaryImageOfPage":{"@id":"https:\/\/www.stikio.eu\/en\/produkty\/material-en\/white-vinyl-with-print\/#primaryimage"},"image":{"@id":"https:\/\/www.stikio.eu\/en\/produkty\/material-en\/white-vinyl-with-print\/#primaryimage"},"thumbnailUrl":"https:\/\/www.stikio.eu\/wp-content\/uploads\/2023\/11\/folia_biela_s_potlacou.jpg","datePublished":"2023-07-14T12:20:25+00:00","dateModified":"2024-08-07T13:30:10+00:00","breadcrumb":{"@id":"https:\/\/www.stikio.eu\/en\/produkty\/material-en\/white-vinyl-with-print\/#breadcrumb"},"inLanguage":"en-US","potentialAction":[{"@type":"ReadAction","target":["https:\/\/www.stikio.eu\/en\/produkty\/material-en\/white-vinyl-with-print\/"]}]},{"@type":"ImageObject","inLanguage":"en-US","@id":"https:\/\/www.stikio.eu\/en\/produkty\/material-en\/white-vinyl-with-print\/#primaryimage","url":"https:\/\/www.stikio.eu\/wp-content\/uploads\/2023\/11\/folia_biela_s_potlacou.jpg","contentUrl":"https:\/\/www.stikio.eu\/wp-content\/uploads\/2023\/11\/folia_biela_s_potlacou.jpg","width":800,"height":800,"caption":"F\u00f3lia biela s potla\u010dou"},{"@type":"BreadcrumbList","@id":"https:\/\/www.stikio.eu\/en\/produkty\/material-en\/white-vinyl-with-print\/#breadcrumb","itemListElement":[{"@type":"ListItem","position":1,"name":"Domov","item":"https:\/\/www.stikio.eu\/"},{"@type":"ListItem","position":2,"name":"Products","item":"https:\/\/www.stikio.eu\/en\/products\/"},{"@type":"ListItem","position":3,"name":"White vinyl with print"}]},{"@type":"WebSite","@id":"https:\/\/www.stikio.eu\/#website","url":"https:\/\/www.stikio.eu\/","name":"Stikio","description":"Specialists in custom-printed stickers","publisher":{"@id":"https:\/\/www.stikio.eu\/#organization"},"potentialAction":[{"@type":"SearchAction","target":{"@type":"EntryPoint","urlTemplate":"https:\/\/www.stikio.eu\/?s={search_term_string}"},"query-input":{"@type":"PropertyValueSpecification","valueRequired":true,"valueName":"search_term_string"}}],"inLanguage":"en-US"},{"@type":"Organization","@id":"https:\/\/www.stikio.eu\/#organization","name":"Stikio","url":"https:\/\/www.stikio.eu\/","logo":{"@type":"ImageObject","inLanguage":"en-US","@id":"https:\/\/www.stikio.eu\/#\/schema\/logo\/image\/","url":"https:\/\/www.stikio.eu\/wp-content\/uploads\/2023\/02\/logo_stikio.svg","contentUrl":"https:\/\/www.stikio.eu\/wp-content\/uploads\/2023\/02\/logo_stikio.svg","width":302,"height":87,"caption":"Stikio"},"image":{"@id":"https:\/\/www.stikio.eu\/#\/schema\/logo\/image\/"},"sameAs":["https:\/\/www.facebook.com\/stikio.eu","https:\/\/www.instagram.com\/stikio.eu\/"]}]}},"_links":{"self":[{"href":"https:\/\/www.stikio.eu\/en\/wp-json\/wp\/v2\/product\/5904","targetHints":{"allow":["GET"]}}],"collection":[{"href":"https:\/\/www.stikio.eu\/en\/wp-json\/wp\/v2\/product"}],"about":[{"href":"https:\/\/www.stikio.eu\/en\/wp-json\/wp\/v2\/types\/product"}],"wp:featuredmedia":[{"embeddable":true,"href":"https:\/\/www.stikio.eu\/en\/wp-json\/wp\/v2\/media\/4833"}],"wp:attachment":[{"href":"https:\/\/www.stikio.eu\/en\/wp-json\/wp\/v2\/media?parent=5904"}],"wp:term":[{"taxonomy":"product_brand","embeddable":true,"href":"https:\/\/www.stikio.eu\/en\/wp-json\/wp\/v2\/product_brand?post=5904"},{"taxonomy":"product_cat","embeddable":true,"href":"https:\/\/www.stikio.eu\/en\/wp-json\/wp\/v2\/product_cat?post=5904"},{"taxonomy":"product_tag","embeddable":true,"href":"https:\/\/www.stikio.eu\/en\/wp-json\/wp\/v2\/product_tag?post=5904"}],"curies":[{"name":"wp","href":"https:\/\/api.w.org\/{rel}","templated":true}]}}