{"id":6192,"date":"2023-10-08T21:25:00","date_gmt":"2023-10-08T19:25:00","guid":{"rendered":"https:\/\/www.stikio.eu\/produkty\/nezarazene\/etiketa-0074\/"},"modified":"2024-02-26T09:55:19","modified_gmt":"2024-02-26T08:55:19","slug":"etiketa-0074","status":"publish","type":"product","link":"https:\/\/www.stikio.eu\/cs\/produkty\/domacnost-cs\/do-spize\/dzem-povidla\/etiketa-0074\/","title":{"rendered":"Etiketa 0074"},"content":{"rendered":"<p>H\u013ead\u00e1te origin\u00e1lne etikety s vlastn\u00fdm dizajnom na svoje v\u00fdrobky alebo dar\u010deky? Chcete si vytvori\u0165 n\u00e1vrh, ktor\u00fd bude odr\u00e1\u017ea\u0165 dan\u00fa pr\u00edle\u017eitos\u0165 alebo va\u0161u osobnos\u0165, \u010di zna\u010dku? Potom ste na spr\u00e1vnom mieste!<\/p>\n<p>V na\u0161om e-shope Stikio n\u00e1jdete stovky jedine\u010dn\u00fdch n\u00e1vrhov etikiet na r\u00f4zne pr\u00edle\u017eitosti, ako s\u00fa svadba, oslava, narodenie die\u0165a\u0165a, v\u00fdro\u010die alebo napr\u00edklad ak chcete niekoho obdarova\u0165. M\u00e1me n\u00e1vrhy aj pre produkty, ktor\u00e9 vyr\u00e1bate vy, ako s\u00fa p\u00e1lenka, v\u00edno, med, medovina, lekv\u00e1r, d\u017eem, sirup a in\u00e9.<\/p>\n<p>Bez oh\u013eadu na to, \u010di ste profesion\u00e1l, ktor\u00fd vedie vlastn\u00fd biznis v oblasti pra\u017eiarne, v\u00fdroby \u010dokol\u00e1d, p\u00edv alebo kozmetiky alebo vyr\u00e1bate handmade produkty, sme tu, aby sme v\u00e1m poskytli mo\u017enos\u0165 vytvori\u0165 si origin\u00e1lne etikety s vlastn\u00fdm dizajnom presne pod\u013ea va\u0161ich predst\u00e1v.<\/p>\n<p>\u010co rob\u00ed na\u0161e etikety jedine\u010dn\u00fdmi, je ich \u013eahk\u00e1 \u00faprava v online editore. S na\u0161\u00edm jednoduch\u00fdm n\u00e1strojom na \u00fapravu m\u00f4\u017eete jednoducho meni\u0165 texty, farby a obr\u00e1zky pod\u013ea v\u00e1\u0161ho vkusu. M\u00e1te tie\u017e mo\u017enos\u0165 nahra\u0165 vlastn\u00e9 fotografie, \u010d\u00edm etiket\u00e1m dod\u00e1te osobn\u00fd dotyk a jedine\u010dn\u00fd \u0161arm. Na\u0161li ste si vzor, ale nem\u00e1te pr\u00e1ve \u010das na jeho prisp\u00f4sobenie? Nevad\u00ed, ulo\u017ete si ho do zoznamu ob\u013e\u00faben\u00fdch a vr\u00e1\u0165te sa k nemu nesk\u00f4r.<\/p>\n<p>Kateg\u00f3rie samolepiek a etikiet: <a href=\"https:\/\/www.stikio.eu\/cs\/kategorie-produktu\/podnikani\/\">Podnikanie<\/a>, <a href=\"https:\/\/www.stikio.eu\/cs\/kategorie-produktu\/domacnost-cs\/\">Dom\u00e1cnos\u0165<\/a>, <a href=\"https:\/\/www.stikio.eu\/cs\/kategorie-produktu\/material-cs\/\">Materi\u00e1l<\/a>, <a href=\"https:\/\/www.stikio.eu\/cs\/kategorie-produktu\/pouziti\/\">Pou\u017eitie<\/a>, <a href=\"https:\/\/www.stikio.eu\/cs\/kategorie-produktu\/podle-tvaru\/\">Pod\u013ea tvaru<\/a>.<\/p>\n<h4><strong>Zhrnutie:<\/strong><\/h4>\n<ul>\n<li>unik\u00e1tne dizajny<\/li>\n<li>jednoduch\u00e1 \u00faprava ka\u017ed\u00e9ho n\u00e1vrhu pomocou online editora<\/li>\n<li>kvalitn\u00e1 tla\u010d<\/li>\n<li>overen\u00e9 materi\u00e1ly od svetozn\u00e1mych v\u00fdrobcov:\n<ul>\n<li><a href=\"https:\/\/graphics.averydennison.eu\/content\/dam\/averydennison\/graphics\/eu\/en\/Data-Sheets\/MPI%E2%84%A2%203000%20Gloss%20High%20Opacity%20Series_EN%20(AD-Public).pdf\">produktov\u00fd list pre pou\u017e\u00edvan\u00fa samolepiacu f\u00f3liu s leskl\u00fdm povrchom<\/a><\/li>\n<li><a href=\"https:\/\/graphics.averydennison.eu\/content\/dam\/averydennison\/graphics\/eu\/Avery-Dennison\/01.%20Digital\/MPI\/MPI%203020%20-%2021\/mpi-3020-matt-high-opacity-series-2022.pdf\">produktov\u00fd list pre pou\u017e\u00edvan\u00fa samolepiacu f\u00f3liu s matn\u00fdm povrchom<\/a><\/li>\n<\/ul>\n<\/li>\n<li>r\u00fdchla exped\u00edcia do 24 hod\u00edn<\/li>\n<\/ul>\n<p>Objednajte si origin\u00e1lne etikety s vlastn\u00fdm dizajnom u\u017e dnes a urobte rados\u0165 sebe, bl\u00edzkym alebo svojim z\u00e1kazn\u00edkom. Nechajte svoje v\u00fdrobky alebo dar\u010deky vynikn\u00fa\u0165 v\u010faka na\u0161im etiket\u00e1m, ktor\u00e9 tla\u010d\u00edme na modern\u00fdch tla\u010diar\u0148ach, pou\u017e\u00edvame len kvalitn\u00e9 a overen\u00e9 materi\u00e1ly (vodeodoln\u00e9, oteruodoln\u00e9 a mrazuvzdorn\u00e9) od svetozn\u00e1mych v\u00fdrobcov. Vyberte si z mno\u017estva \u0161abl\u00f3n. Alebo si navrhnite svoje vlastn\u00e9 dizajny jednoducho pomocou n\u00e1\u0161ho online editora. Nev\u00e1hajte a objednajte si etikety s vlastn\u00fdm dizajnom e\u0161te dnes!<\/p>\n","protected":false},"excerpt":{"rendered":"<p>H\u013ead\u00e1te origin\u00e1lne etikety s vlastn\u00fdm dizajnom na svoje v\u00fdrobky alebo dar\u010deky? Chcete si vytvori\u0165 n\u00e1vrh, ktor\u00fd bude odr\u00e1\u017ea\u0165 dan\u00fa pr\u00edle\u017eitos\u0165<\/p>\n","protected":false},"featured_media":7244,"template":"","meta":[],"product_brand":[],"product_cat":[78,82],"product_tag":[],"class_list":{"0":"post-6192","1":"product","2":"type-product","3":"status-publish","4":"has-post-thumbnail","6":"product_cat-domacnost-cs","7":"product_cat-dzem-povidla","9":"first","10":"instock","11":"taxable","12":"shipping-taxable","13":"purchasable","14":"product-type-simple"},"yoast_head":"<!-- This site is optimized with the Yoast SEO plugin v27.4 - https:\/\/yoast.com\/product\/yoast-seo-wordpress\/ -->\n<title>Etiketa 0074 - Stikio<\/title>\n<meta name=\"description\" content=\"Vytvorte si origin\u00e1lne etikety s vlastn\u00fdm dizajnom na r\u00f4zne pr\u00edle\u017eitosti alebo va\u0161e v\u00fdrobky. Stovky n\u00e1vrhov, jednoduch\u00e1 \u00faprava a doprava zadarmo!\" \/>\n<meta name=\"robots\" content=\"index, follow, max-snippet:-1, max-image-preview:large, max-video-preview:-1\" \/>\n<link rel=\"canonical\" href=\"https:\/\/www.stikio.eu\/cs\/produkty\/domacnost-cs\/do-spize\/dzem-povidla\/etiketa-0074\/\" \/>\n<meta property=\"og:locale\" content=\"cs_CZ\" \/>\n<meta property=\"og:type\" content=\"article\" \/>\n<meta property=\"og:title\" content=\"Etiketa 0074 - Stikio\" \/>\n<meta property=\"og:description\" content=\"Vytvorte si origin\u00e1lne etikety s vlastn\u00fdm dizajnom na r\u00f4zne pr\u00edle\u017eitosti alebo va\u0161e v\u00fdrobky. Stovky n\u00e1vrhov, jednoduch\u00e1 \u00faprava a doprava zadarmo!\" \/>\n<meta property=\"og:url\" content=\"https:\/\/www.stikio.eu\/cs\/produkty\/domacnost-cs\/do-spize\/dzem-povidla\/etiketa-0074\/\" \/>\n<meta property=\"og:site_name\" content=\"Stikio\" \/>\n<meta property=\"article:publisher\" content=\"https:\/\/www.facebook.com\/stikio.eu\" \/>\n<meta property=\"article:modified_time\" content=\"2024-02-26T08:55:19+00:00\" \/>\n<meta property=\"og:image\" content=\"https:\/\/www.stikio.eu\/wp-content\/uploads\/2023\/10\/0074_nahlad.webp\" \/>\n\t<meta property=\"og:image:width\" content=\"800\" \/>\n\t<meta property=\"og:image:height\" content=\"800\" \/>\n\t<meta property=\"og:image:type\" content=\"image\/webp\" \/>\n<script type=\"application\/ld+json\" class=\"yoast-schema-graph\">{\"@context\":\"https:\\\/\\\/schema.org\",\"@graph\":[{\"@type\":\"WebPage\",\"@id\":\"https:\\\/\\\/www.stikio.eu\\\/cs\\\/produkty\\\/domacnost-cs\\\/do-spize\\\/dzem-povidla\\\/etiketa-0074\\\/\",\"url\":\"https:\\\/\\\/www.stikio.eu\\\/cs\\\/produkty\\\/domacnost-cs\\\/do-spize\\\/dzem-povidla\\\/etiketa-0074\\\/\",\"name\":\"Etiketa 0074 - Stikio\",\"isPartOf\":{\"@id\":\"https:\\\/\\\/www.stikio.eu\\\/#website\"},\"primaryImageOfPage\":{\"@id\":\"https:\\\/\\\/www.stikio.eu\\\/cs\\\/produkty\\\/domacnost-cs\\\/do-spize\\\/dzem-povidla\\\/etiketa-0074\\\/#primaryimage\"},\"image\":{\"@id\":\"https:\\\/\\\/www.stikio.eu\\\/cs\\\/produkty\\\/domacnost-cs\\\/do-spize\\\/dzem-povidla\\\/etiketa-0074\\\/#primaryimage\"},\"thumbnailUrl\":\"https:\\\/\\\/www.stikio.eu\\\/wp-content\\\/uploads\\\/2023\\\/10\\\/0074_nahlad.webp\",\"datePublished\":\"2023-10-08T19:25:00+00:00\",\"dateModified\":\"2024-02-26T08:55:19+00:00\",\"description\":\"Vytvorte si origin\u00e1lne etikety s vlastn\u00fdm dizajnom na r\u00f4zne pr\u00edle\u017eitosti alebo va\u0161e v\u00fdrobky. Stovky n\u00e1vrhov, jednoduch\u00e1 \u00faprava a doprava zadarmo!\",\"breadcrumb\":{\"@id\":\"https:\\\/\\\/www.stikio.eu\\\/cs\\\/produkty\\\/domacnost-cs\\\/do-spize\\\/dzem-povidla\\\/etiketa-0074\\\/#breadcrumb\"},\"inLanguage\":\"cs\",\"potentialAction\":[{\"@type\":\"ReadAction\",\"target\":[\"https:\\\/\\\/www.stikio.eu\\\/cs\\\/produkty\\\/domacnost-cs\\\/do-spize\\\/dzem-povidla\\\/etiketa-0074\\\/\"]}]},{\"@type\":\"ImageObject\",\"inLanguage\":\"cs\",\"@id\":\"https:\\\/\\\/www.stikio.eu\\\/cs\\\/produkty\\\/domacnost-cs\\\/do-spize\\\/dzem-povidla\\\/etiketa-0074\\\/#primaryimage\",\"url\":\"https:\\\/\\\/www.stikio.eu\\\/wp-content\\\/uploads\\\/2023\\\/10\\\/0074_nahlad.webp\",\"contentUrl\":\"https:\\\/\\\/www.stikio.eu\\\/wp-content\\\/uploads\\\/2023\\\/10\\\/0074_nahlad.webp\",\"width\":800,\"height\":800},{\"@type\":\"BreadcrumbList\",\"@id\":\"https:\\\/\\\/www.stikio.eu\\\/cs\\\/produkty\\\/domacnost-cs\\\/do-spize\\\/dzem-povidla\\\/etiketa-0074\\\/#breadcrumb\",\"itemListElement\":[{\"@type\":\"ListItem\",\"position\":1,\"name\":\"Domov\",\"item\":\"https:\\\/\\\/www.stikio.eu\\\/\"},{\"@type\":\"ListItem\",\"position\":2,\"name\":\"Produkty\",\"item\":\"https:\\\/\\\/www.stikio.eu\\\/produkty\\\/\"},{\"@type\":\"ListItem\",\"position\":3,\"name\":\"Etiketa 0074\"}]},{\"@type\":\"WebSite\",\"@id\":\"https:\\\/\\\/www.stikio.eu\\\/#website\",\"url\":\"https:\\\/\\\/www.stikio.eu\\\/\",\"name\":\"Stikio\",\"description\":\"Specialist\u00e9 na samolepky s potiskem\",\"publisher\":{\"@id\":\"https:\\\/\\\/www.stikio.eu\\\/#organization\"},\"potentialAction\":[{\"@type\":\"SearchAction\",\"target\":{\"@type\":\"EntryPoint\",\"urlTemplate\":\"https:\\\/\\\/www.stikio.eu\\\/?s={search_term_string}\"},\"query-input\":{\"@type\":\"PropertyValueSpecification\",\"valueRequired\":true,\"valueName\":\"search_term_string\"}}],\"inLanguage\":\"cs\"},{\"@type\":\"Organization\",\"@id\":\"https:\\\/\\\/www.stikio.eu\\\/#organization\",\"name\":\"Stikio\",\"url\":\"https:\\\/\\\/www.stikio.eu\\\/\",\"logo\":{\"@type\":\"ImageObject\",\"inLanguage\":\"cs\",\"@id\":\"https:\\\/\\\/www.stikio.eu\\\/#\\\/schema\\\/logo\\\/image\\\/\",\"url\":\"https:\\\/\\\/www.stikio.eu\\\/wp-content\\\/uploads\\\/2023\\\/02\\\/logo_stikio.svg\",\"contentUrl\":\"https:\\\/\\\/www.stikio.eu\\\/wp-content\\\/uploads\\\/2023\\\/02\\\/logo_stikio.svg\",\"width\":302,\"height\":87,\"caption\":\"Stikio\"},\"image\":{\"@id\":\"https:\\\/\\\/www.stikio.eu\\\/#\\\/schema\\\/logo\\\/image\\\/\"},\"sameAs\":[\"https:\\\/\\\/www.facebook.com\\\/stikio.eu\",\"https:\\\/\\\/www.instagram.com\\\/stikio.eu\\\/\"]}]}<\/script>\n<!-- \/ Yoast SEO plugin. -->","yoast_head_json":{"title":"Etiketa 0074 - Stikio","description":"Vytvorte si origin\u00e1lne etikety s vlastn\u00fdm dizajnom na r\u00f4zne pr\u00edle\u017eitosti alebo va\u0161e v\u00fdrobky. Stovky n\u00e1vrhov, jednoduch\u00e1 \u00faprava a doprava zadarmo!","robots":{"index":"index","follow":"follow","max-snippet":"max-snippet:-1","max-image-preview":"max-image-preview:large","max-video-preview":"max-video-preview:-1"},"canonical":"https:\/\/www.stikio.eu\/cs\/produkty\/domacnost-cs\/do-spize\/dzem-povidla\/etiketa-0074\/","og_locale":"cs_CZ","og_type":"article","og_title":"Etiketa 0074 - Stikio","og_description":"Vytvorte si origin\u00e1lne etikety s vlastn\u00fdm dizajnom na r\u00f4zne pr\u00edle\u017eitosti alebo va\u0161e v\u00fdrobky. Stovky n\u00e1vrhov, jednoduch\u00e1 \u00faprava a doprava zadarmo!","og_url":"https:\/\/www.stikio.eu\/cs\/produkty\/domacnost-cs\/do-spize\/dzem-povidla\/etiketa-0074\/","og_site_name":"Stikio","article_publisher":"https:\/\/www.facebook.com\/stikio.eu","article_modified_time":"2024-02-26T08:55:19+00:00","og_image":[{"width":800,"height":800,"url":"https:\/\/www.stikio.eu\/wp-content\/uploads\/2023\/10\/0074_nahlad.webp","type":"image\/webp"}],"schema":{"@context":"https:\/\/schema.org","@graph":[{"@type":"WebPage","@id":"https:\/\/www.stikio.eu\/cs\/produkty\/domacnost-cs\/do-spize\/dzem-povidla\/etiketa-0074\/","url":"https:\/\/www.stikio.eu\/cs\/produkty\/domacnost-cs\/do-spize\/dzem-povidla\/etiketa-0074\/","name":"Etiketa 0074 - Stikio","isPartOf":{"@id":"https:\/\/www.stikio.eu\/#website"},"primaryImageOfPage":{"@id":"https:\/\/www.stikio.eu\/cs\/produkty\/domacnost-cs\/do-spize\/dzem-povidla\/etiketa-0074\/#primaryimage"},"image":{"@id":"https:\/\/www.stikio.eu\/cs\/produkty\/domacnost-cs\/do-spize\/dzem-povidla\/etiketa-0074\/#primaryimage"},"thumbnailUrl":"https:\/\/www.stikio.eu\/wp-content\/uploads\/2023\/10\/0074_nahlad.webp","datePublished":"2023-10-08T19:25:00+00:00","dateModified":"2024-02-26T08:55:19+00:00","description":"Vytvorte si origin\u00e1lne etikety s vlastn\u00fdm dizajnom na r\u00f4zne pr\u00edle\u017eitosti alebo va\u0161e v\u00fdrobky. Stovky n\u00e1vrhov, jednoduch\u00e1 \u00faprava a doprava zadarmo!","breadcrumb":{"@id":"https:\/\/www.stikio.eu\/cs\/produkty\/domacnost-cs\/do-spize\/dzem-povidla\/etiketa-0074\/#breadcrumb"},"inLanguage":"cs","potentialAction":[{"@type":"ReadAction","target":["https:\/\/www.stikio.eu\/cs\/produkty\/domacnost-cs\/do-spize\/dzem-povidla\/etiketa-0074\/"]}]},{"@type":"ImageObject","inLanguage":"cs","@id":"https:\/\/www.stikio.eu\/cs\/produkty\/domacnost-cs\/do-spize\/dzem-povidla\/etiketa-0074\/#primaryimage","url":"https:\/\/www.stikio.eu\/wp-content\/uploads\/2023\/10\/0074_nahlad.webp","contentUrl":"https:\/\/www.stikio.eu\/wp-content\/uploads\/2023\/10\/0074_nahlad.webp","width":800,"height":800},{"@type":"BreadcrumbList","@id":"https:\/\/www.stikio.eu\/cs\/produkty\/domacnost-cs\/do-spize\/dzem-povidla\/etiketa-0074\/#breadcrumb","itemListElement":[{"@type":"ListItem","position":1,"name":"Domov","item":"https:\/\/www.stikio.eu\/"},{"@type":"ListItem","position":2,"name":"Produkty","item":"https:\/\/www.stikio.eu\/produkty\/"},{"@type":"ListItem","position":3,"name":"Etiketa 0074"}]},{"@type":"WebSite","@id":"https:\/\/www.stikio.eu\/#website","url":"https:\/\/www.stikio.eu\/","name":"Stikio","description":"Specialist\u00e9 na samolepky s potiskem","publisher":{"@id":"https:\/\/www.stikio.eu\/#organization"},"potentialAction":[{"@type":"SearchAction","target":{"@type":"EntryPoint","urlTemplate":"https:\/\/www.stikio.eu\/?s={search_term_string}"},"query-input":{"@type":"PropertyValueSpecification","valueRequired":true,"valueName":"search_term_string"}}],"inLanguage":"cs"},{"@type":"Organization","@id":"https:\/\/www.stikio.eu\/#organization","name":"Stikio","url":"https:\/\/www.stikio.eu\/","logo":{"@type":"ImageObject","inLanguage":"cs","@id":"https:\/\/www.stikio.eu\/#\/schema\/logo\/image\/","url":"https:\/\/www.stikio.eu\/wp-content\/uploads\/2023\/02\/logo_stikio.svg","contentUrl":"https:\/\/www.stikio.eu\/wp-content\/uploads\/2023\/02\/logo_stikio.svg","width":302,"height":87,"caption":"Stikio"},"image":{"@id":"https:\/\/www.stikio.eu\/#\/schema\/logo\/image\/"},"sameAs":["https:\/\/www.facebook.com\/stikio.eu","https:\/\/www.instagram.com\/stikio.eu\/"]}]}},"_links":{"self":[{"href":"https:\/\/www.stikio.eu\/cs\/wp-json\/wp\/v2\/product\/6192","targetHints":{"allow":["GET"]}}],"collection":[{"href":"https:\/\/www.stikio.eu\/cs\/wp-json\/wp\/v2\/product"}],"about":[{"href":"https:\/\/www.stikio.eu\/cs\/wp-json\/wp\/v2\/types\/product"}],"wp:featuredmedia":[{"embeddable":true,"href":"https:\/\/www.stikio.eu\/cs\/wp-json\/wp\/v2\/media\/7244"}],"wp:attachment":[{"href":"https:\/\/www.stikio.eu\/cs\/wp-json\/wp\/v2\/media?parent=6192"}],"wp:term":[{"taxonomy":"product_brand","embeddable":true,"href":"https:\/\/www.stikio.eu\/cs\/wp-json\/wp\/v2\/product_brand?post=6192"},{"taxonomy":"product_cat","embeddable":true,"href":"https:\/\/www.stikio.eu\/cs\/wp-json\/wp\/v2\/product_cat?post=6192"},{"taxonomy":"product_tag","embeddable":true,"href":"https:\/\/www.stikio.eu\/cs\/wp-json\/wp\/v2\/product_tag?post=6192"}],"curies":[{"name":"wp","href":"https:\/\/api.w.org\/{rel}","templated":true}]}}